{"id":1731,"date":"2025-09-23T17:08:44","date_gmt":"2025-09-23T17:08:44","guid":{"rendered":"https:\/\/www.jessicasilli.com\/?page_id=1731"},"modified":"2026-04-15T19:03:38","modified_gmt":"2026-04-15T19:03:38","slug":"jewellery-gemstones-2","status":"publish","type":"page","link":"https:\/\/www.jessicasilli.com\/fr\/jewellery-gemstones-2\/","title":{"rendered":"JOAILLERIE &amp; GEMMES"},"content":{"rendered":"<div class=\"et_pb_section_0 et_pb_section et_section_regular et_block_section\">\n<div class=\"et_pb_row_0 et_pb_row et_block_row\">\n<div class=\"et_pb_column_0 et_pb_column et_pb_column_4_4 et-last-child et_block_column et_pb_css_mix_blend_mode_passthrough preset--module--divi-column--default\">\n<div class=\"et_pb_text_0 et_pb_text et_pb_bg_layout_light et_pb_module et_block_module et_pb_text_align_center preset--module--divi-text--51673ab3-1e1c-4ebd-8a4f-7526a5e055e2\"><div class=\"et_pb_text_inner\"><h1>JOAILLERIE &amp; PIERRES PR\u00c9CIEUSES<\/h1>\n<\/div><\/div>\n\n<div class=\"et_pb_image_0 et_pb_image et_pb_module et_block_module\"><span class=\"et_pb_image_wrap\"><img loading=\"lazy\" decoding=\"async\" src=\"https:\/\/www.jessicasilli.com\/wp-content\/uploads\/2025\/02\/attorney-1.png\" width=\"260\" height=\"44\" srcset=\"https:\/\/www.jessicasilli.com\/wp-content\/uploads\/2025\/02\/attorney-1.png 260w\" sizes=\"(max-width: 260px) 100vw, 260px\" class=\"wp-image-47\" title=\"attorney-1\" \/><\/span><\/div>\n\n<div class=\"et_pb_text_1 et_pb_text et_pb_bg_layout_light et_pb_module et_block_module et_pb_text_align_center preset--module--divi-text--e444eaf3-6d47-475d-b3b7-70a6eb88c5fd\"><div class=\"et_pb_text_inner\"><h4>EXPERTISE TECHNIQUE ET CONNAISSANCE DU MARCH\u00c9<\/h4>\n<\/div><\/div>\n<\/div>\n<\/div>\n<\/div>\n\n<div class=\"et_pb_section_1 et_pb_section et_section_regular et_block_section\">\n<div class=\"et_pb_row_1 et_pb_row et_block_row\">\n<div class=\"et_pb_column_1 et_pb_column et_pb_column_4_4 et-last-child et_block_column et_pb_css_mix_blend_mode_passthrough preset--module--divi-column--default\">\n<div class=\"et_pb_text_2 et_pb_text et_pb_bg_layout_light et_pb_module et_block_module preset--module--divi-text--8da1682f-c677-4817-a72b-6e6d24ec7b38\"><div class=\"et_pb_text_inner\"><p data-start=\"1637\" data-end=\"1932\">J'accompagne les marques, les collectionneurs et les investisseurs de l'\u00e9cosyst\u00e8me de la joaillerie, de la recherche de pierres pr\u00e9cieuses exceptionnelles au d\u00e9veloppement de produits et \u00e0 la strat\u00e9gie de collection. Mon approche allie expertise technique et connaissance approfondie du march\u00e9 pour garantir que les projets cr\u00e9ent une valeur culturelle et commerciale durable.<\/p>\n<p data-start=\"1934\" data-end=\"1955\"><strong data-start=\"1934\" data-end=\"1953\">Expertise:<\/strong><\/p>\n<ul data-start=\"1956\" data-end=\"2117\">\n<li data-start=\"1956\" data-end=\"1994\">\n<p data-start=\"1958\" data-end=\"1994\">Approvisionnement et tra\u00e7abilit\u00e9 des pierres pr\u00e9cieuses<\/p>\n<\/li>\n<li data-start=\"1995\" data-end=\"2033\">\n<p data-start=\"1997\" data-end=\"2033\">D\u00e9veloppement de produits et de collections<\/p>\n<\/li>\n<li data-start=\"2034\" data-end=\"2070\">\n<p data-start=\"2036\" data-end=\"2070\">Conseils pour le vintage et les collections<\/p>\n<\/li>\n<li data-start=\"2071\" data-end=\"2117\">\n<p data-start=\"2073\" data-end=\"2117\">Positionnement sur le march\u00e9 et conseils en mati\u00e8re d'investissement<\/p>\n<\/li>\n<\/ul>\n<p data-start=\"2119\" data-end=\"2224\">Je soutiens les projets qui allient savoir-faire, expertise et vision strat\u00e9gique pour un impact durable.<\/p>\n<p data-start=\"1078\" data-end=\"1273\">\n<\/div><\/div>\n<\/div>\n<\/div>\n\n<div class=\"et_pb_row_2 et_pb_row et_block_row\">\n<div class=\"et_pb_column_2 et_pb_column et_pb_column_4_4 et-last-child et_block_column et_pb_css_mix_blend_mode_passthrough preset--module--divi-column--default\">\n<div class=\"et_pb_text_3 et_pb_text et_pb_bg_layout_light et_pb_module et_block_module preset--module--divi-text--8da1682f-c677-4817-a72b-6e6d24ec7b38\"><div class=\"et_pb_text_inner\"><h2>services principaux<\/h2>\n<p data-start=\"1078\" data-end=\"1273\">\n<\/div><\/div>\n<\/div>\n<\/div>\n\n<div class=\"et_pb_row_3 et_pb_row et_pb_equal_columns et_block_row\">\n<div class=\"et_pb_column_3 et_pb_column et_pb_column_1_3 et_block_column et_pb_css_mix_blend_mode_passthrough preset--module--divi-column--default\">\n<div class=\"et_pb_text_4 et_pb_text et_pb_bg_layout_light et_pb_module et_block_module et_pb_text_align_center preset--module--divi-text--b2c5b238-e93f-4cc7-ab4d-2895544928f1\"><div class=\"et_pb_text_inner\"><h3><span>Gemstones &amp; Jewellery<\/span><\/h3>\n<\/div><\/div>\n\n<div class=\"et_pb_image_1 et_pb_image et_pb_module et_block_module\"><span class=\"et_pb_image_wrap\"><img loading=\"lazy\" decoding=\"async\" src=\"https:\/\/www.jessicasilli.com\/wp-content\/uploads\/2025\/02\/attorney-3.png\" width=\"260\" height=\"44\" srcset=\"https:\/\/www.jessicasilli.com\/wp-content\/uploads\/2025\/02\/attorney-3.png 260w\" sizes=\"(max-width: 260px) 100vw, 260px\" class=\"wp-image-50\" title=\"attorney-3\" \/><\/span><\/div>\n\n<div class=\"et_pb_text_5 et_pb_text et_pb_bg_layout_light et_pb_module et_block_module et_pb_text_align_center preset--module--divi-text--b53ddb4b-9512-4fbe-bb26-5666333e95a6\"><div class=\"et_pb_text_inner\"><h3><span>Approvisionnement &amp; tra\u00e7abilit\u00e9<\/span><\/h3>\n<\/div><\/div>\n\n<div class=\"et_pb_text_6 et_pb_text et_pb_bg_layout_light et_pb_module et_block_module et_pb_text_align_center preset--module--divi-text--b2c5b238-e93f-4cc7-ab4d-2895544928f1\"><div class=\"et_pb_text_inner\"><p><span>Acc\u00e8s \u00e0 des pierres pr\u00e9cieuses rares et \u00e0 des bijoux de haute qualit\u00e9 gr\u00e2ce \u00e0<strong> des r\u00e9seaux mondiaux de confiance,<\/strong>soutenus par <strong>une expertise gemologique<\/strong> et une connaissance approfondie <strong>du march\u00e9<\/strong>.<\/span><\/p>\n<\/div><\/div>\n<\/div>\n\n<div class=\"et_pb_column_4 et_pb_column et_pb_column_1_3 et_block_column et_pb_css_mix_blend_mode_passthrough preset--module--divi-column--default\">\n<div class=\"et_pb_text_7 et_pb_text et_pb_bg_layout_light et_pb_module et_block_module et_pb_text_align_center preset--module--divi-text--b2c5b238-e93f-4cc7-ab4d-2895544928f1\"><div class=\"et_pb_text_inner\"><h3><span>D\u00e9veloppement de produits\u00a0<\/span><\/h3>\n<\/div><\/div>\n\n<div class=\"et_pb_image_2 et_pb_image et_pb_module et_block_module\"><span class=\"et_pb_image_wrap\"><img loading=\"lazy\" decoding=\"async\" src=\"https:\/\/www.jessicasilli.com\/wp-content\/uploads\/2025\/02\/attorney-3.png\" width=\"260\" height=\"44\" srcset=\"https:\/\/www.jessicasilli.com\/wp-content\/uploads\/2025\/02\/attorney-3.png 260w\" sizes=\"(max-width: 260px) 100vw, 260px\" class=\"wp-image-50\" title=\"attorney-3\" \/><\/span><\/div>\n\n<div class=\"et_pb_text_8 et_pb_text et_pb_bg_layout_light et_pb_module et_block_module et_pb_text_align_center preset--module--divi-text--b53ddb4b-9512-4fbe-bb26-5666333e95a6\"><div class=\"et_pb_text_inner\"><h3><span>Ventes &amp; Pertinence\u00a0<\/span><\/h3>\n<\/div><\/div>\n\n<div class=\"et_pb_text_9 et_pb_text et_pb_bg_layout_light et_pb_module et_block_module et_pb_text_align_center preset--module--divi-text--b2c5b238-e93f-4cc7-ab4d-2895544928f1\"><div class=\"et_pb_text_inner\"><p>Accompagnement strat\u00e9gique dans <strong>la conception<\/strong> et le positionnement de collections qui refl\u00e8tent <strong>l'identit\u00e9 de votre marque<\/strong> et r\u00e9pondent aux <strong>attentes changeantes<\/strong> de vos clients.<\/p>\n<\/div><\/div>\n<\/div>\n\n<div class=\"et_pb_column_5 et_pb_column et_pb_column_1_3 et-last-child et_block_column et_pb_css_mix_blend_mode_passthrough preset--module--divi-column--default\">\n<div class=\"et_pb_text_10 et_pb_text et_pb_bg_layout_light et_pb_module et_block_module et_pb_text_align_center preset--module--divi-text--b2c5b238-e93f-4cc7-ab4d-2895544928f1\"><div class=\"et_pb_text_inner\"><h3><span>Vintage et objets de collection<\/span><\/h3>\n<\/div><\/div>\n\n<div class=\"et_pb_image_3 et_pb_image et_pb_module et_block_module\"><span class=\"et_pb_image_wrap\"><img loading=\"lazy\" decoding=\"async\" src=\"https:\/\/www.jessicasilli.com\/wp-content\/uploads\/2025\/02\/attorney-3.png\" width=\"260\" height=\"44\" srcset=\"https:\/\/www.jessicasilli.com\/wp-content\/uploads\/2025\/02\/attorney-3.png 260w\" sizes=\"(max-width: 260px) 100vw, 260px\" class=\"wp-image-50\" title=\"attorney-3\" \/><\/span><\/div>\n\n<div class=\"et_pb_text_11 et_pb_text et_pb_bg_layout_light et_pb_module et_block_module et_pb_text_align_center preset--module--divi-text--b53ddb4b-9512-4fbe-bb26-5666333e95a6\"><div class=\"et_pb_text_inner\"><h3><span>Provenance &amp; Authenticite<\/span><\/h3>\n<\/div><\/div>\n\n<div class=\"et_pb_text_12 et_pb_text et_pb_bg_layout_light et_pb_module et_block_module et_pb_text_align_center preset--module--divi-text--b2c5b238-e93f-4cc7-ab4d-2895544928f1\"><div class=\"et_pb_text_inner\"><p><span>Conseils pour <strong>l'acquisition<\/strong>, <strong>la conservation<\/strong> et la mise en valeur de bijoux historiques \u2013 y compris <strong>la repr\u00e9sentation<\/strong> aux ench\u00e8res <strong>la participation<\/strong> \u00e0 des foires <strong>et la facilitation<\/strong> de ventes priv\u00e9es.<\/span><\/p>\n<h3><\/h3>\n<\/div><\/div>\n<\/div>\n<\/div>\n\n<div class=\"et_pb_row_4 et_pb_row et_block_row\">\n<div class=\"et_pb_column_6 et_pb_column et_pb_column_4_4 et-last-child et_block_column et_pb_css_mix_blend_mode_passthrough preset--module--divi-column--default\">\n<div class=\"et_pb_text_13 et_pb_text et_pb_bg_layout_light et_pb_module et_block_module preset--module--divi-text--8da1682f-c677-4817-a72b-6e6d24ec7b38\"><div class=\"et_pb_text_inner\"><h2><strong>EXPERTISE SPECIALISEE<\/strong><\/h2>\n<p data-start=\"1078\" data-end=\"1273\">\n<\/div><\/div>\n<\/div>\n<\/div>\n\n<div class=\"et_pb_row_5 et_pb_row et_pb_row_1-4_3-4 et_block_row et_block_row_1-4_3-4\">\n<div class=\"et_pb_column_7 et_pb_column et_pb_column_1_4 et_block_column et_pb_column_empty et_pb_css_mix_blend_mode_passthrough preset--module--divi-column--default\"><\/div>\n\n<div class=\"et_pb_column_8 et_pb_column et_pb_column_3_4 et-last-child et_block_column et_pb_css_mix_blend_mode_passthrough preset--module--divi-column--default\">\n<div class=\"et_pb_blurb_0 et_pb_blurb et_pb_bg_layout_dark et_pb_text_align_justified et_pb_blurb_position_left et_pb_module et_block_module preset--module--divi-blurb--35fbbb2e-c003-40cf-8e88-2d2d0cc73f8b\"><div class=\"et_pb_blurb_content\"><div class=\"et_pb_main_blurb_image\"><span class=\"et_pb_image_wrap\"><span class=\"et-pb-icon\">\uf3a5<\/span><\/span><\/div><div class=\"et_pb_blurb_container\"><h4 class=\"et_pb_module_header\">GEMOLOGUE CERTIFI\u00c9E<\/h4><div class=\"et_pb_blurb_description\"><p>Form\u00e9e au GIA en diamants et pierres de couleur, avec une connaissance pratique de l'authentification, de la taille et de l'estimation des pierres pr\u00e9cieuses.<\/p>\n<\/div><\/div><\/div><\/div>\n\n<div class=\"et_pb_blurb_1 et_pb_blurb et_pb_bg_layout_dark et_pb_text_align_justified et_pb_blurb_position_left et_pb_module et_block_module preset--module--divi-blurb--35fbbb2e-c003-40cf-8e88-2d2d0cc73f8b\"><div class=\"et_pb_blurb_content\"><div class=\"et_pb_main_blurb_image\"><span class=\"et_pb_image_wrap\"><span class=\"et-pb-icon\">\uf201<\/span><\/span><\/div><div class=\"et_pb_blurb_container\"><h4 class=\"et_pb_module_header\">EXP\u00c9RIENCE DU MARCH\u00c9 ET CONNAISSANCE DU SECTEUR<\/h4><div class=\"et_pb_blurb_description\"><p>Proven track record across international retail, wholesale and auction markets - from bespoke creations to heritage collections.<\/p>\n<\/div><\/div><\/div><\/div>\n\n<div class=\"et_pb_blurb_2 et_pb_blurb et_pb_bg_layout_dark et_pb_text_align_justified et_pb_blurb_position_left et_pb_module et_block_module preset--module--divi-blurb--35fbbb2e-c003-40cf-8e88-2d2d0cc73f8b\"><div class=\"et_pb_blurb_content\"><div class=\"et_pb_main_blurb_image\"><span class=\"et_pb_image_wrap\"><span class=\"et-pb-icon\">\uf0ac<\/span><\/span><\/div><div class=\"et_pb_blurb_container\"><h4 class=\"et_pb_module_header\">R\u00c9SEAU MONDIAL DE CONFIANCE<\/h4><div class=\"et_pb_blurb_description\"><p>Relations solides avec les ateliers, les tailleurs, les n\u00e9gociants et les plus grandes maisons de joaillerie du monde entier.<\/p>\n<\/div><\/div><\/div><\/div>\n<\/div>\n<\/div>\n\n<div class=\"et_pb_row_6 et_pb_row et_block_row\">\n<div class=\"et_pb_column_9 et_pb_column et_pb_column_4_4 et-last-child et_block_column et_pb_css_mix_blend_mode_passthrough preset--module--divi-column--default\">\n<div class=\"et_pb_slider_0 et_pb_slider et_pb_slider_fullwidth_off et_pb_slider_no_arrows et_pb_slider_no_pagination et_slider_auto et_slider_speed_8000 et_pb_module et_block_module\"><div class=\"et_pb_slides\">\n<div class=\"et_pb_slide_0 et_pb_slide et_pb_media_alignment_center et_pb_bg_layout_dark et_pb_text_align_center\" data-slide-id=\"divi\/slide-0\"><div class=\"et_pb_container\"><div class=\"et_pb_slider_container_inner\"><div class=\"et_pb_slide_description\"><div class=\"et_pb_slide_content\"><p style=\"text-align: center;\">\"Luxury is the most intimate form of sculpture.\"<\/p>\n<p style=\"text-align: right;\">Anish Kapoor<\/p>\n<\/div><\/div><\/div><\/div><\/div>\n\n<div class=\"et_pb_slide_1 et_pb_slide et_pb_media_alignment_center et_pb_bg_layout_dark et_pb_text_align_center\" data-slide-id=\"divi\/slide-1\"><div class=\"et_pb_container\"><div class=\"et_pb_slider_container_inner\"><div class=\"et_pb_slide_description\"><div class=\"et_pb_slide_content\"><p style=\"text-align: center;\">\"Jewellery is not just about adornment, it is the memory of emotion shaped into matter.\"<\/p>\n<p style=\"text-align: right;\">Joel Arthur Rosenthal<\/p>\n<\/div><\/div><\/div><\/div><\/div>\n<\/div><\/div>\n<\/div>\n<\/div>\n<\/div>\n\n<div class=\"et_pb_section_2 et_pb_section et_section_regular et_block_section\">\n<div class=\"et_pb_row_7 et_pb_row et_block_row\">\n<div class=\"et_pb_column_10 et_pb_column et_pb_column_1_2 et_block_column et_pb_css_mix_blend_mode_passthrough preset--module--divi-column--default\">\n<div class=\"et_pb_text_14 et_pb_text et_pb_bg_layout_light et_pb_module et_block_module et_pb_text_align_center-tablet preset--module--divi-text--6f457ad3-3efe-4431-a3a7-2cacf8732660\"><div class=\"et_pb_text_inner\"><h5>Adresse<\/h5>\n<\/div><\/div>\n\n<div class=\"et_pb_text_15 et_pb_text et_pb_bg_layout_light et_pb_module et_block_module et_pb_text_align_center-tablet preset--module--divi-text--e1148e9d-a294-4cfa-acf2-240af3a1ab50\"><div class=\"et_pb_text_inner\"><p>Gen\u00e8ve, Suisse<\/p>\n<\/div><\/div>\n<\/div>\n\n<div class=\"et_pb_column_11 et_pb_column et_pb_column_1_2 et-last-child et_block_column et_pb_css_mix_blend_mode_passthrough preset--module--divi-column--default\">\n<div class=\"et_pb_text_16 et_pb_text et_pb_bg_layout_light et_pb_module et_block_module et_pb_text_align_right et_pb_text_align_center-tablet preset--module--divi-text--6f457ad3-3efe-4431-a3a7-2cacf8732660\"><div class=\"et_pb_text_inner\"><h5>Email<\/h5>\n<\/div><\/div>\n\n<div class=\"et_pb_text_17 et_pb_text et_pb_bg_layout_light et_clickable et_pb_module et_block_module et_pb_text_align_right et_pb_text_align_center-tablet preset--module--divi-text--e1148e9d-a294-4cfa-acf2-240af3a1ab50\"><div class=\"et_pb_text_inner\"><p><a href=\"mailto:#\">j<\/a>s@jessicasilli.com<\/p>\n<\/div><\/div>\n<\/div>\n<\/div>\n<\/div>\n\n<div class=\"et_pb_section_3 et_pb_section et_section_regular et_block_section\">\n<div class=\"et_pb_row_8 et_pb_row et_block_row\">\n<div class=\"et_pb_column_12 et_pb_column et_pb_column_4_4 et-last-child et_block_column et_pb_css_mix_blend_mode_passthrough preset--module--divi-column--default\">\n<div class=\"et_pb_text_18 et_pb_text et_pb_bg_layout_light et_pb_module et_block_module\"><div class=\"et_pb_text_inner\"><p style=\"text-align: center;\">\u00a9 Copyright 2025 \u2013 2026 Jessica Silli Consulting.<br \/>All Rights Reserved.<\/p>\n<\/div><\/div>\n<\/div>\n<\/div>\n<\/div>","protected":false},"excerpt":{"rendered":"","protected":false},"author":1,"featured_media":0,"parent":0,"menu_order":0,"comment_status":"closed","ping_status":"closed","template":"","meta":{"footnotes":""},"class_list":["post-1731","page","type-page","status-publish","hentry"],"_links":{"self":[{"href":"https:\/\/www.jessicasilli.com\/fr\/wp-json\/wp\/v2\/pages\/1731","targetHints":{"allow":["GET"]}}],"collection":[{"href":"https:\/\/www.jessicasilli.com\/fr\/wp-json\/wp\/v2\/pages"}],"about":[{"href":"https:\/\/www.jessicasilli.com\/fr\/wp-json\/wp\/v2\/types\/page"}],"author":[{"embeddable":true,"href":"https:\/\/www.jessicasilli.com\/fr\/wp-json\/wp\/v2\/users\/1"}],"replies":[{"embeddable":true,"href":"https:\/\/www.jessicasilli.com\/fr\/wp-json\/wp\/v2\/comments?post=1731"}],"version-history":[{"count":13,"href":"https:\/\/www.jessicasilli.com\/fr\/wp-json\/wp\/v2\/pages\/1731\/revisions"}],"predecessor-version":[{"id":2407,"href":"https:\/\/www.jessicasilli.com\/fr\/wp-json\/wp\/v2\/pages\/1731\/revisions\/2407"}],"wp:attachment":[{"href":"https:\/\/www.jessicasilli.com\/fr\/wp-json\/wp\/v2\/media?parent=1731"}],"curies":[{"name":"wp","href":"https:\/\/api.w.org\/{rel}","templated":true}]}}