{"id":1734,"date":"2025-09-23T17:09:51","date_gmt":"2025-09-23T17:09:51","guid":{"rendered":"https:\/\/www.jessicasilli.com\/?page_id=1734"},"modified":"2026-04-15T18:32:20","modified_gmt":"2026-04-15T18:32:20","slug":"watchmaking","status":"publish","type":"page","link":"https:\/\/www.jessicasilli.com\/fr\/watchmaking\/","title":{"rendered":"HORLOGERIE"},"content":{"rendered":"<div class=\"et_pb_section_0 et_pb_section et_section_regular et_block_section\">\n<div class=\"et_pb_row_0 et_pb_row et_block_row\">\n<div class=\"et_pb_column_0 et_pb_column et_pb_column_4_4 et-last-child et_block_column et_pb_css_mix_blend_mode_passthrough preset--module--divi-column--default\">\n<div class=\"et_pb_text_0 et_pb_text et_pb_bg_layout_light et_pb_module et_block_module et_pb_text_align_center preset--module--divi-text--51673ab3-1e1c-4ebd-8a4f-7526a5e055e2\"><div class=\"et_pb_text_inner\"><h1>HORLOGERIE<\/h1>\n<\/div><\/div>\n\n<div class=\"et_pb_image_0 et_pb_image et_pb_module et_block_module\"><span class=\"et_pb_image_wrap\"><img loading=\"lazy\" decoding=\"async\" src=\"https:\/\/www.jessicasilli.com\/wp-content\/uploads\/2025\/02\/attorney-1.png\" width=\"260\" height=\"44\" srcset=\"https:\/\/www.jessicasilli.com\/wp-content\/uploads\/2025\/02\/attorney-1.png 260w\" sizes=\"(max-width: 260px) 100vw, 260px\" class=\"wp-image-47\" title=\"attorney-1\" \/><\/span><\/div>\n\n<div class=\"et_pb_text_1 et_pb_text et_pb_bg_layout_light et_pb_module et_block_module et_pb_text_align_center preset--module--divi-text--e444eaf3-6d47-475d-b3b7-70a6eb88c5fd\"><div class=\"et_pb_text_inner\"><h4>STRAT\u00c9GIE, COLLECTION ET POSITIONNEMENT CULTUREL<\/h4>\n<\/div><\/div>\n<\/div>\n<\/div>\n<\/div>\n\n<div class=\"et_pb_section_1 et_pb_section et_section_regular et_block_section\">\n<div class=\"et_pb_row_1 et_pb_row et_block_row\">\n<div class=\"et_pb_column_1 et_pb_column et_pb_column_4_4 et-last-child et_block_column et_pb_css_mix_blend_mode_passthrough preset--module--divi-column--default\">\n<div class=\"et_pb_text_2 et_pb_text et_pb_bg_layout_light et_pb_module et_block_module preset--module--divi-text--3ed83f4c-3b7e-4ac3-805c-199553dd738a\"><div class=\"et_pb_text_inner\"><p data-start=\"2315\" data-end=\"2553\">J'accompagne les ateliers ind\u00e9pendants, les manufactures \u00e9tablies et les collectionneurs dans le monde de l'horlogerie suisse et internationale. Mon approche allie tradition, innovation et connaissance du march\u00e9 pour favoriser une croissance strat\u00e9gique et une pertinence culturelle.<\/p>\n<p data-start=\"2555\" data-end=\"2576\"><strong data-start=\"2555\" data-end=\"2574\">Expertise:<\/strong><\/p>\n<ul data-start=\"2577\" data-end=\"2745\">\n<li data-start=\"2577\" data-end=\"2615\">\n<p data-start=\"2579\" data-end=\"2615\">Positionnement de marque et storytelling<\/p>\n<\/li>\n<li data-start=\"2616\" data-end=\"2663\">\n<p data-start=\"2618\" data-end=\"2663\">Strat\u00e9gie de d\u00e9veloppement et de collection des produits<\/p>\n<\/li>\n<li data-start=\"2664\" data-end=\"2698\">\n<p data-start=\"2666\" data-end=\"2698\">Croissance et distribution du march\u00e9<\/p>\n<\/li>\n<li data-start=\"2699\" data-end=\"2745\">\n<p data-start=\"2701\" data-end=\"2745\">Gestion du patrimoine et engagement des clients<\/p>\n<\/li>\n<\/ul>\n<p data-start=\"2747\" data-end=\"2867\">Je travaille en \u00e9troite collaboration avec mes clients pour les guider dans leur prochain chapitre de l'histoire de l'horlogerie, en m'appuyant sur le savoir-faire artisanal et l'h\u00e9ritage culturel.<\/p>\n<\/div><\/div>\n<\/div>\n<\/div>\n\n<div class=\"et_pb_row_2 et_pb_row et_pb_row_5col et_block_row et_block_row_5col\">\n<div class=\"et_pb_column_2 et_pb_column et_pb_column_1_5 et_block_column et_pb_css_mix_blend_mode_passthrough preset--module--divi-column--default\">\n<div class=\"et_pb_image_1 et_pb_image et_pb_module et_block_module\"><span class=\"et_pb_image_wrap\"><img loading=\"lazy\" decoding=\"async\" src=\"https:\/\/www.jessicasilli.com\/wp-content\/uploads\/2025\/02\/DSC_8692-scaled.jpg\" width=\"2560\" height=\"2560\" srcset=\"https:\/\/www.jessicasilli.com\/wp-content\/uploads\/2025\/02\/DSC_8692-scaled.jpg 2560w, https:\/\/www.jessicasilli.com\/wp-content\/uploads\/2025\/02\/DSC_8692-1280x1280.jpg 1280w, https:\/\/www.jessicasilli.com\/wp-content\/uploads\/2025\/02\/DSC_8692-980x980.jpg 980w, https:\/\/www.jessicasilli.com\/wp-content\/uploads\/2025\/02\/DSC_8692-480x480.jpg 480w\" sizes=\"(min-width: 0px) and (max-width: 480px) 480px, (min-width: 481px) and (max-width: 980px) 980px, (min-width: 981px) and (max-width: 1280px) 1280px, (min-width: 1281px) 2560px, 100vw\" class=\"wp-image-150\" title=\"Watchmaking 3\" \/><\/span><\/div>\n<\/div>\n\n<div class=\"et_pb_column_3 et_pb_column et_pb_column_1_5 et_block_column et_pb_css_mix_blend_mode_passthrough preset--module--divi-column--default\">\n<div class=\"et_pb_image_2 et_pb_image et_pb_module et_block_module\"><span class=\"et_pb_image_wrap\"><img loading=\"lazy\" decoding=\"async\" src=\"https:\/\/www.jessicasilli.com\/wp-content\/uploads\/2025\/02\/DSC_8678-scaled.jpg\" width=\"2560\" height=\"2560\" srcset=\"https:\/\/www.jessicasilli.com\/wp-content\/uploads\/2025\/02\/DSC_8678-scaled.jpg 2560w, https:\/\/www.jessicasilli.com\/wp-content\/uploads\/2025\/02\/DSC_8678-1280x1280.jpg 1280w, https:\/\/www.jessicasilli.com\/wp-content\/uploads\/2025\/02\/DSC_8678-980x980.jpg 980w, https:\/\/www.jessicasilli.com\/wp-content\/uploads\/2025\/02\/DSC_8678-480x480.jpg 480w\" sizes=\"(min-width: 0px) and (max-width: 480px) 480px, (min-width: 481px) and (max-width: 980px) 980px, (min-width: 981px) and (max-width: 1280px) 1280px, (min-width: 1281px) 2560px, 100vw\" class=\"wp-image-148\" title=\"Watchmaking 5\" \/><\/span><\/div>\n<\/div>\n\n<div class=\"et_pb_column_4 et_pb_column et_pb_column_1_5 et_block_column et_pb_css_mix_blend_mode_passthrough preset--module--divi-column--default\">\n<div class=\"et_pb_image_3 et_pb_image et_pb_module et_block_module\"><span class=\"et_pb_image_wrap\"><img loading=\"lazy\" decoding=\"async\" src=\"https:\/\/www.jessicasilli.com\/wp-content\/uploads\/2025\/02\/P6160248-scaled.jpg\" width=\"2560\" height=\"2560\" srcset=\"https:\/\/www.jessicasilli.com\/wp-content\/uploads\/2025\/02\/P6160248-scaled.jpg 2560w, https:\/\/www.jessicasilli.com\/wp-content\/uploads\/2025\/02\/P6160248-1280x1280.jpg 1280w, https:\/\/www.jessicasilli.com\/wp-content\/uploads\/2025\/02\/P6160248-980x980.jpg 980w, https:\/\/www.jessicasilli.com\/wp-content\/uploads\/2025\/02\/P6160248-480x480.jpg 480w\" sizes=\"(min-width: 0px) and (max-width: 480px) 480px, (min-width: 481px) and (max-width: 980px) 980px, (min-width: 981px) and (max-width: 1280px) 1280px, (min-width: 1281px) 2560px, 100vw\" class=\"wp-image-161\" title=\"Horlogerie 12\" \/><\/span><\/div>\n<\/div>\n\n<div class=\"et_pb_column_5 et_pb_column et_pb_column_1_5 et_block_column et_pb_css_mix_blend_mode_passthrough preset--module--divi-column--default\">\n<div class=\"et_pb_image_4 et_pb_image et_pb_module et_block_module\"><span class=\"et_pb_image_wrap\"><img loading=\"lazy\" decoding=\"async\" src=\"https:\/\/www.jessicasilli.com\/wp-content\/uploads\/2025\/02\/DSC_8758-scaled.jpg\" width=\"2560\" height=\"2560\" srcset=\"https:\/\/www.jessicasilli.com\/wp-content\/uploads\/2025\/02\/DSC_8758-scaled.jpg 2560w, https:\/\/www.jessicasilli.com\/wp-content\/uploads\/2025\/02\/DSC_8758-1280x1280.jpg 1280w, https:\/\/www.jessicasilli.com\/wp-content\/uploads\/2025\/02\/DSC_8758-980x980.jpg 980w, https:\/\/www.jessicasilli.com\/wp-content\/uploads\/2025\/02\/DSC_8758-480x480.jpg 480w\" sizes=\"(min-width: 0px) and (max-width: 480px) 480px, (min-width: 481px) and (max-width: 980px) 980px, (min-width: 981px) and (max-width: 1280px) 1280px, (min-width: 1281px) 2560px, 100vw\" class=\"wp-image-153\" title=\"Horlogerie 20\" \/><\/span><\/div>\n<\/div>\n\n<div class=\"et_pb_column_6 et_pb_column et_pb_column_1_5 et-last-child et_block_column et_pb_css_mix_blend_mode_passthrough preset--module--divi-column--default\">\n<div class=\"et_pb_image_5 et_pb_image et_pb_module et_block_module\"><span class=\"et_pb_image_wrap\"><img loading=\"lazy\" decoding=\"async\" src=\"https:\/\/www.jessicasilli.com\/wp-content\/uploads\/2025\/02\/XH2S3934-scaled.jpg\" width=\"2560\" height=\"2560\" srcset=\"https:\/\/www.jessicasilli.com\/wp-content\/uploads\/2025\/02\/XH2S3934-scaled.jpg 2560w, https:\/\/www.jessicasilli.com\/wp-content\/uploads\/2025\/02\/XH2S3934-1280x1280.jpg 1280w, https:\/\/www.jessicasilli.com\/wp-content\/uploads\/2025\/02\/XH2S3934-980x980.jpg 980w, https:\/\/www.jessicasilli.com\/wp-content\/uploads\/2025\/02\/XH2S3934-480x480.jpg 480w\" sizes=\"(min-width: 0px) and (max-width: 480px) 480px, (min-width: 481px) and (max-width: 980px) 980px, (min-width: 981px) and (max-width: 1280px) 1280px, (min-width: 1281px) 2560px, 100vw\" class=\"wp-image-167\" title=\"Horlogerie 8\" \/><\/span><\/div>\n<\/div>\n<\/div>\n\n<div class=\"et_pb_row_3 et_pb_row et_block_row\">\n<div class=\"et_pb_column_7 et_pb_column et_pb_column_4_4 et-last-child et_block_column et_pb_css_mix_blend_mode_passthrough preset--module--divi-column--default\">\n<div class=\"et_pb_text_3 et_pb_text et_pb_bg_layout_light et_pb_module et_block_module preset--module--divi-text--8da1682f-c677-4817-a72b-6e6d24ec7b38\"><div class=\"et_pb_text_inner\"><h2><strong>Services Principaux<\/strong><\/h2>\n<p data-start=\"1078\" data-end=\"1273\">\n<\/div><\/div>\n\n<div class=\"et_pb_text_4 et_pb_text et_pb_bg_layout_light et_pb_module et_block_module preset--module--divi-text--3ed83f4c-3b7e-4ac3-805c-199553dd738a\"><div class=\"et_pb_text_inner\"><div>\n<p style=\"text-align: justify;\"><span>J'offre des services de conseil sp\u00e9cialis\u00e9s aux marques horlog\u00e8res ind\u00e9pendantes, aux institutions et aux acteurs du secteur horloger mondial, alliant vision strat\u00e9gique et engagement en faveur de la pr\u00e9servation culturelle.<o:p><\/o:p><\/span><\/p>\n<\/div>\n<div>\n<p>&nbsp;<\/p>\n<\/div>\n<\/div><\/div>\n<\/div>\n<\/div>\n\n<div class=\"et_pb_row_4 et_pb_row et_block_row\">\n<div class=\"et_pb_column_8 et_pb_column et_pb_column_1_2 et_block_column et_pb_css_mix_blend_mode_passthrough preset--module--divi-column--default\">\n<div class=\"et_pb_image_6 et_pb_image et_pb_module et_block_module\"><span class=\"et_pb_image_wrap\"><img loading=\"lazy\" decoding=\"async\" src=\"https:\/\/www.jessicasilli.com\/wp-content\/uploads\/2025\/08\/brand-strategy-white.png\" title=\"brand strategy white\" width=\"512\" height=\"512\" srcset=\"https:\/\/www.jessicasilli.com\/wp-content\/uploads\/2025\/08\/brand-strategy-white.png 512w, https:\/\/www.jessicasilli.com\/wp-content\/uploads\/2025\/08\/brand-strategy-white-480x480.png 480w\" sizes=\"(min-width: 0px) and (max-width: 480px) 480px, (min-width: 481px) 512px, 100vw\" class=\"wp-image-944\" \/><\/span><\/div>\n\n<div class=\"et_pb_text_5 et_pb_text et_pb_bg_layout_light et_pb_module et_block_module preset--module--divi-text--a7007876-7604-4de6-a8cc-c74a773d714e\"><div class=\"et_pb_text_inner\"><h5><strong data-start=\"307\" data-end=\"346\">STRAT\u00c9GIE DE MARQUE ET POSITIONNEMENT SUR LE MARCH\u00c9<br \/><\/strong><\/h5>\n<p><strong data-start=\"307\" data-end=\"346\"><\/strong><\/p>\n<\/div><\/div>\n\n<div class=\"et_pb_text_6 et_pb_text et_pb_bg_layout_light et_pb_module et_block_module preset--module--divi-text--1f9b4fa8-7935-41f2-bd4a-951549c9608c\"><div class=\"et_pb_text_inner\"><p style=\"text-align: justify;\">Orientation strat\u00e9gique pour les entreprises horlog\u00e8res nouvelles et ind\u00e9pendantes \u2014 y compris l'identit\u00e9 de marque, la configuration op\u00e9rationnelle, la planification des produits et l'entr\u00e9e sur le march\u00e9.<\/p>\n<\/div><\/div>\n<\/div>\n\n<div class=\"et_pb_column_9 et_pb_column et_pb_column_1_2 et-last-child et_block_column et_pb_css_mix_blend_mode_passthrough preset--module--divi-column--default\">\n<div class=\"et_pb_image_7 et_pb_image et_pb_module et_block_module\"><span class=\"et_pb_image_wrap\"><img loading=\"lazy\" decoding=\"async\" src=\"https:\/\/www.jessicasilli.com\/wp-content\/uploads\/2026\/04\/project-dev-white.png\" title=\"project-dev-white\" width=\"512\" height=\"512\" srcset=\"https:\/\/www.jessicasilli.com\/wp-content\/uploads\/2026\/04\/project-dev-white.png 512w, https:\/\/www.jessicasilli.com\/wp-content\/uploads\/2026\/04\/project-dev-white-480x480.png 480w\" sizes=\"(min-width: 0px) and (max-width: 480px) 480px, (min-width: 481px) 512px, 100vw\" class=\"wp-image-2398\" \/><\/span><\/div>\n\n<div class=\"et_pb_text_7 et_pb_text et_pb_bg_layout_light et_pb_module et_block_module preset--module--divi-text--a7007876-7604-4de6-a8cc-c74a773d714e\"><div class=\"et_pb_text_inner\"><h5><strong data-start=\"307\" data-end=\"346\">D\u00c9VELOPPEMENT DE PROJETS ET IMPACT CULTUREL<\/strong><\/h5>\n<\/div><\/div>\n\n<div class=\"et_pb_text_8 et_pb_text et_pb_bg_layout_light et_pb_module et_block_module preset--module--divi-text--1f9b4fa8-7935-41f2-bd4a-951549c9608c\"><div class=\"et_pb_text_inner\"><p style=\"text-align: justify;\">Accompagnement complet des expositions, des initiatives mus\u00e9ales et des projets patrimoniaux, y compris des strat\u00e9gies de collecte de fonds ax\u00e9es sur la valeur culturelle.<\/p>\n<\/div><\/div>\n<\/div>\n<\/div>\n\n<div class=\"et_pb_row_5 et_pb_row et_block_row\">\n<div class=\"et_pb_column_10 et_pb_column et_pb_column_1_2 et_block_column et_pb_css_mix_blend_mode_passthrough preset--module--divi-column--default\">\n<div class=\"et_pb_image_8 et_pb_image et_pb_module et_block_module\"><span class=\"et_pb_image_wrap\"><img loading=\"lazy\" decoding=\"async\" src=\"https:\/\/www.jessicasilli.com\/wp-content\/uploads\/2025\/08\/heritage-white.png\" width=\"512\" height=\"512\" srcset=\"https:\/\/www.jessicasilli.com\/wp-content\/uploads\/2025\/08\/heritage-white.png 512w, https:\/\/www.jessicasilli.com\/wp-content\/uploads\/2025\/08\/heritage-white-480x480.png 480w\" sizes=\"(min-width: 0px) and (max-width: 480px) 480px, (min-width: 481px) 512px, 100vw\" class=\"wp-image-946\" title=\"heritage white\" \/><\/span><\/div>\n\n<div class=\"et_pb_text_9 et_pb_text et_pb_bg_layout_light et_pb_module et_block_module preset--module--divi-text--a7007876-7604-4de6-a8cc-c74a773d714e\"><div class=\"et_pb_text_inner\"><h5><strong data-start=\"307\" data-end=\"346\">CONSEIL EN CONSERVATION DU PATRIMOINE ET EN COLLECTIONS<\/strong><\/h5>\n<\/div><\/div>\n\n<div class=\"et_pb_text_10 et_pb_text et_pb_bg_layout_light et_pb_module et_block_module preset--module--divi-text--1f9b4fa8-7935-41f2-bd4a-951549c9608c\"><div class=\"et_pb_text_inner\"><p style=\"text-align: justify;\">Expertise en acquisition, gestion et mise en valeur du patrimoine horloger pour les collectionneurs, les fonds et les institutions.<\/p>\n<\/div><\/div>\n<\/div>\n\n<div class=\"et_pb_column_11 et_pb_column et_pb_column_1_2 et-last-child et_block_column et_pb_css_mix_blend_mode_passthrough preset--module--divi-column--default\">\n<div class=\"et_pb_image_9 et_pb_image et_pb_module et_block_module\"><span class=\"et_pb_image_wrap\"><img loading=\"lazy\" decoding=\"async\" src=\"https:\/\/www.jessicasilli.com\/wp-content\/uploads\/2026\/04\/institutional-industry-white.png\" title=\"institutional-industry-white\" width=\"512\" height=\"512\" srcset=\"https:\/\/www.jessicasilli.com\/wp-content\/uploads\/2026\/04\/institutional-industry-white.png 512w, https:\/\/www.jessicasilli.com\/wp-content\/uploads\/2026\/04\/institutional-industry-white-480x480.png 480w\" sizes=\"(min-width: 0px) and (max-width: 480px) 480px, (min-width: 481px) 512px, 100vw\" class=\"wp-image-2399\" \/><\/span><\/div>\n\n<div class=\"et_pb_text_11 et_pb_text et_pb_bg_layout_light et_pb_module et_block_module preset--module--divi-text--a7007876-7604-4de6-a8cc-c74a773d714e\"><div class=\"et_pb_text_inner\"><h5><strong data-start=\"307\" data-end=\"346\">COLLABORATION INSTITUTIONNELLE ET INDUSTRIELLE<\/strong><\/h5>\n<\/div><\/div>\n\n<div class=\"et_pb_text_12 et_pb_text et_pb_bg_layout_light et_pb_module et_block_module preset--module--divi-text--1f9b4fa8-7935-41f2-bd4a-951549c9608c\"><div class=\"et_pb_text_inner\"><p style=\"text-align: justify;\">Partenariats avec l'ensemble de l'\u00e9cosyst\u00e8me horloger, des fabricants aux institutions culturelles et m\u00e9diatiques.<\/p>\n<\/div><\/div>\n<\/div>\n<\/div>\n\n<div class=\"et_pb_row_6 et_pb_row et_block_row\">\n<div class=\"et_pb_column_12 et_pb_column et_pb_column_1_2 et_block_column et_pb_css_mix_blend_mode_passthrough preset--module--divi-column--default\">\n<div class=\"et_pb_image_10 et_pb_image et_pb_module et_block_module\"><span class=\"et_pb_image_wrap\"><img loading=\"lazy\" decoding=\"async\" src=\"https:\/\/www.jessicasilli.com\/wp-content\/uploads\/2026\/04\/non-profit-white.png\" title=\"non-profit-white\" width=\"512\" height=\"512\" srcset=\"https:\/\/www.jessicasilli.com\/wp-content\/uploads\/2026\/04\/non-profit-white.png 512w, https:\/\/www.jessicasilli.com\/wp-content\/uploads\/2026\/04\/non-profit-white-480x480.png 480w\" sizes=\"(min-width: 0px) and (max-width: 480px) 480px, (min-width: 481px) 512px, 100vw\" class=\"wp-image-2397\" \/><\/span><\/div>\n\n<div class=\"et_pb_text_13 et_pb_text et_pb_bg_layout_light et_pb_module et_block_module preset--module--divi-text--a7007876-7604-4de6-a8cc-c74a773d714e\"><div class=\"et_pb_text_inner\"><h5><strong data-start=\"307\" data-end=\"346\">INITIATIVES \u00c0 BUT NON LUCRATIF ET \u00c9DUCATIVES<\/strong><\/h5>\n<\/div><\/div>\n\n<div class=\"et_pb_text_14 et_pb_text et_pb_bg_layout_light et_pb_module et_block_module preset--module--divi-text--1f9b4fa8-7935-41f2-bd4a-951549c9608c\"><div class=\"et_pb_text_inner\"><p style=\"text-align: justify;\">Conseil aux fondations et programmes d\u00e9di\u00e9s \u00e0 la pr\u00e9servation et \u00e0 la promotion de l'art horloger.<\/p>\n<\/div><\/div>\n<\/div>\n\n<div class=\"et_pb_column_13 et_pb_column et_pb_column_1_2 et-last-child et_block_column et_pb_column_empty et_pb_css_mix_blend_mode_passthrough et_clickable preset--module--divi-column--default\"><\/div>\n<\/div>\n\n<div class=\"et_pb_row_7 et_pb_row et_block_row\">\n<div class=\"et_pb_column_14 et_pb_column et_pb_column_4_4 et-last-child et_block_column et_pb_css_mix_blend_mode_passthrough preset--module--divi-column--default\">\n<div class=\"et_pb_slider_0 et_pb_slider et_pb_slider_fullwidth_off et_pb_slider_no_arrows et_pb_slider_no_pagination et_slider_auto et_slider_speed_8000 et_pb_module et_block_module\"><div class=\"et_pb_slides\">\n<div class=\"et_pb_slide_0 et_pb_slide et_pb_media_alignment_center et_pb_bg_layout_dark et_pb_text_align_center\" data-slide-id=\"divi\/slide-0\"><div class=\"et_pb_container\"><div class=\"et_pb_slider_container_inner\"><div class=\"et_pb_slide_description\"><div class=\"et_pb_slide_content\"><p style=\"text-align: center;\">\"Time is the ultimate luxury.\"<\/p>\n<\/div><\/div><\/div><\/div><\/div>\n\n<div class=\"et_pb_slide_1 et_pb_slide et_pb_media_alignment_center et_pb_bg_layout_dark et_pb_text_align_center\" data-slide-id=\"divi\/slide-1\"><div class=\"et_pb_container\"><div class=\"et_pb_slider_container_inner\"><div class=\"et_pb_slide_description\"><div class=\"et_pb_slide_content\"><p style=\"text-align: center;\">\"In watchmaking, as in strategy, every detail matters - and every second counts.\"<\/p>\n<\/div><\/div><\/div><\/div><\/div>\n\n<div class=\"et_pb_slide_2 et_pb_slide et_pb_media_alignment_center et_pb_bg_layout_dark et_pb_text_align_center\" data-slide-id=\"divi\/slide-2\"><div class=\"et_pb_container\"><div class=\"et_pb_slider_container_inner\"><div class=\"et_pb_slide_description\"><div class=\"et_pb_slide_content\"><p style=\"text-align: center;\">\"Time, space and memory - there are the true complications.\"<\/p>\n<p style=\"text-align: right;\">Philippe Dufour<\/p>\n<\/div><\/div><\/div><\/div><\/div>\n<\/div><\/div>\n<\/div>\n<\/div>\n<\/div>\n\n<div class=\"et_pb_section_2 et_pb_section et_section_regular et_block_section\">\n<div class=\"et_pb_row_8 et_pb_row et_block_row\">\n<div class=\"et_pb_column_15 et_pb_column et_pb_column_1_2 et_block_column et_pb_css_mix_blend_mode_passthrough preset--module--divi-column--default\">\n<div class=\"et_pb_text_15 et_pb_text et_pb_bg_layout_light et_pb_module et_block_module et_pb_text_align_center-tablet preset--module--divi-text--6f457ad3-3efe-4431-a3a7-2cacf8732660\"><div class=\"et_pb_text_inner\"><h5>Adresse<\/h5>\n<\/div><\/div>\n\n<div class=\"et_pb_text_16 et_pb_text et_pb_bg_layout_light et_pb_module et_block_module et_pb_text_align_center-tablet preset--module--divi-text--e1148e9d-a294-4cfa-acf2-240af3a1ab50\"><div class=\"et_pb_text_inner\"><p>Gen\u00e8ve, Suisse<\/p>\n<\/div><\/div>\n<\/div>\n\n<div class=\"et_pb_column_16 et_pb_column et_pb_column_1_2 et-last-child et_block_column et_pb_css_mix_blend_mode_passthrough preset--module--divi-column--default\">\n<div class=\"et_pb_text_17 et_pb_text et_pb_bg_layout_light et_pb_module et_block_module et_pb_text_align_right et_pb_text_align_center-tablet preset--module--divi-text--6f457ad3-3efe-4431-a3a7-2cacf8732660\"><div class=\"et_pb_text_inner\"><h5>Email<\/h5>\n<\/div><\/div>\n\n<div class=\"et_pb_text_18 et_pb_text et_pb_bg_layout_light et_clickable et_pb_module et_block_module et_pb_text_align_right et_pb_text_align_center-tablet preset--module--divi-text--e1148e9d-a294-4cfa-acf2-240af3a1ab50\"><div class=\"et_pb_text_inner\"><p><a href=\"mailto:#\">j<\/a>s@jessicasilli.com<\/p>\n<\/div><\/div>\n<\/div>\n<\/div>\n<\/div>\n\n<div class=\"et_pb_section_3 et_pb_section et_section_regular et_block_section\">\n<div class=\"et_pb_row_9 et_pb_row et_block_row\">\n<div class=\"et_pb_column_17 et_pb_column et_pb_column_4_4 et-last-child et_block_column et_pb_css_mix_blend_mode_passthrough preset--module--divi-column--default\">\n<div class=\"et_pb_text_19 et_pb_text et_pb_bg_layout_light et_pb_module et_block_module\"><div class=\"et_pb_text_inner\"><p style=\"text-align: center;\">\u00a9 Copyright 2025 \u2013 2026 Jessica Silli Consulting.<br \/>All Rights Reserved.<\/p>\n<\/div><\/div>\n<\/div>\n<\/div>\n<\/div>","protected":false},"excerpt":{"rendered":"","protected":false},"author":1,"featured_media":0,"parent":0,"menu_order":0,"comment_status":"closed","ping_status":"closed","template":"","meta":{"footnotes":""},"class_list":["post-1734","page","type-page","status-publish","hentry"],"_links":{"self":[{"href":"https:\/\/www.jessicasilli.com\/fr\/wp-json\/wp\/v2\/pages\/1734","targetHints":{"allow":["GET"]}}],"collection":[{"href":"https:\/\/www.jessicasilli.com\/fr\/wp-json\/wp\/v2\/pages"}],"about":[{"href":"https:\/\/www.jessicasilli.com\/fr\/wp-json\/wp\/v2\/types\/page"}],"author":[{"embeddable":true,"href":"https:\/\/www.jessicasilli.com\/fr\/wp-json\/wp\/v2\/users\/1"}],"replies":[{"embeddable":true,"href":"https:\/\/www.jessicasilli.com\/fr\/wp-json\/wp\/v2\/comments?post=1734"}],"version-history":[{"count":14,"href":"https:\/\/www.jessicasilli.com\/fr\/wp-json\/wp\/v2\/pages\/1734\/revisions"}],"predecessor-version":[{"id":2409,"href":"https:\/\/www.jessicasilli.com\/fr\/wp-json\/wp\/v2\/pages\/1734\/revisions\/2409"}],"wp:attachment":[{"href":"https:\/\/www.jessicasilli.com\/fr\/wp-json\/wp\/v2\/media?parent=1734"}],"curies":[{"name":"wp","href":"https:\/\/api.w.org\/{rel}","templated":true}]}}