{"id":1740,"date":"2025-09-23T17:09:04","date_gmt":"2025-09-23T17:09:04","guid":{"rendered":"https:\/\/www.jessicasilli.com\/?page_id=1740"},"modified":"2026-04-15T18:35:37","modified_gmt":"2026-04-15T18:35:37","slug":"the-clients","status":"publish","type":"page","link":"https:\/\/www.jessicasilli.com\/fr\/the-clients\/","title":{"rendered":"LES CLIENTS"},"content":{"rendered":"<div class=\"et_pb_section_0 et_pb_section et_section_regular et_block_section\">\n<div class=\"et_pb_row_0 et_pb_row et_block_row\">\n<div class=\"et_pb_column_0 et_pb_column et_pb_column_4_4 et-last-child et_block_column et_pb_css_mix_blend_mode_passthrough preset--module--divi-column--default\">\n<div class=\"et_pb_text_0 et_pb_text et_pb_bg_layout_light et_pb_module et_block_module et_pb_text_align_center preset--module--divi-text--e444eaf3-6d47-475d-b3b7-70a6eb88c5fd\"><\/div>\n\n<div class=\"et_pb_text_1 et_pb_text et_pb_bg_layout_light et_pb_module et_block_module et_pb_text_align_center preset--module--divi-text--51673ab3-1e1c-4ebd-8a4f-7526a5e055e2\"><div class=\"et_pb_text_inner\"><h1>Clients<\/h1>\n<\/div><\/div>\n\n<div class=\"et_pb_image_0 et_pb_image et_pb_module et_block_module\"><span class=\"et_pb_image_wrap\"><img loading=\"lazy\" decoding=\"async\" src=\"https:\/\/www.jessicasilli.com\/wp-content\/uploads\/2025\/02\/attorney-1.png\" width=\"260\" height=\"44\" srcset=\"https:\/\/www.jessicasilli.com\/wp-content\/uploads\/2025\/02\/attorney-1.png 260w\" sizes=\"(max-width: 260px) 100vw, 260px\" class=\"wp-image-47\" title=\"attorney-1\" \/><\/span><\/div>\n\n<div class=\"et_pb_text_2 et_pb_text et_pb_bg_layout_light et_pb_module et_block_module et_pb_text_align_center preset--module--divi-text--e444eaf3-6d47-475d-b3b7-70a6eb88c5fd\"><div class=\"et_pb_text_inner\"><h4><span>Conseil strat\u00e9gique pour les mandats d'entreprises, d'institutions et de particuliers<\/span><\/h4>\n<\/div><\/div>\n<\/div>\n<\/div>\n<\/div>\n\n<div class=\"et_pb_section_1 et_pb_section et_section_regular et_block_section\">\n<div class=\"et_pb_row_1 et_pb_row et_block_row\">\n<div class=\"et_pb_column_1 et_pb_column et_pb_column_4_4 et-last-child et_block_column et_pb_css_mix_blend_mode_passthrough preset--module--divi-column--default\">\n<div class=\"et_pb_text_3 et_pb_text et_pb_bg_layout_light et_pb_module et_block_module preset--module--divi-text--8da1682f-c677-4817-a72b-6e6d24ec7b38\"><div class=\"et_pb_text_inner\"><p><span>J'apporte une pratique constante : <strong>claret\u00e9<\/strong>, <strong>discr\u00e9tion<\/strong>et <strong>une fine approche culturelle<\/strong>. J'aide des clients de tous horizons \u2013 marques, collectionneurs et institutions \u2013 \u00e0 honorer l'histoire, \u00e0 se d\u00e9velopper de mani\u00e8re significative et \u00e0 pr\u00e9server une valeur durable.<\/span><\/p>\n<p>&nbsp;<\/p>\n<\/div><\/div>\n<\/div>\n<\/div>\n\n<div class=\"et_pb_row_2 et_pb_row et_block_row\">\n<div class=\"et_pb_column_2 et_pb_column et_pb_column_4_4 et-last-child et_block_column et_pb_css_mix_blend_mode_passthrough preset--module--divi-column--default\">\n<div class=\"et_pb_text_4 et_pb_text et_pb_bg_layout_light et_pb_module et_block_module preset--module--divi-text--8da1682f-c677-4817-a72b-6e6d24ec7b38\"><div class=\"et_pb_text_inner\"><h2><strong>avec qui je travaille<\/strong><\/h2>\n<p data-start=\"1078\" data-end=\"1273\">\n<\/div><\/div>\n<\/div>\n<\/div>\n\n<div class=\"et_pb_row_3 et_pb_row et_pb_equal_columns et_block_row\">\n<div class=\"et_pb_column_3 et_pb_column et_pb_column_1_3 et_block_column et_pb_css_mix_blend_mode_passthrough preset--module--divi-column--default\">\n<div class=\"et_pb_text_5 et_pb_text et_pb_bg_layout_light et_pb_module et_block_module et_pb_text_align_center preset--module--divi-text--b2c5b238-e93f-4cc7-ab4d-2895544928f1\"><div class=\"et_pb_text_inner\"><h3><span>Marques &amp; Maisons<\/span><span><\/span><span><\/span><\/h3>\n<\/div><\/div>\n\n<div class=\"et_pb_image_1 et_pb_image et_pb_module et_block_module\"><span class=\"et_pb_image_wrap\"><img loading=\"lazy\" decoding=\"async\" src=\"https:\/\/www.jessicasilli.com\/wp-content\/uploads\/2025\/02\/attorney-3.png\" width=\"260\" height=\"44\" srcset=\"https:\/\/www.jessicasilli.com\/wp-content\/uploads\/2025\/02\/attorney-3.png 260w\" sizes=\"(max-width: 260px) 100vw, 260px\" class=\"wp-image-50\" title=\"attorney-3\" \/><\/span><\/div>\n\n<div class=\"et_pb_text_6 et_pb_text et_pb_bg_layout_light et_pb_module et_block_module et_pb_text_align_center preset--module--divi-text--b2c5b238-e93f-4cc7-ab4d-2895544928f1\"><div class=\"et_pb_text_inner\"><p style=\"text-align: left;\"><span>Je conseille des entreprises de l'ensemble de l'\u00e9cosyst\u00e8me du luxe, notamment :<\/span><\/p>\n<p style=\"text-align: left;\"><span>\u2022 Marques \u00e9mergentes et en pleine croissance<\/span><br data-start=\"1244\" data-end=\"1247\" \/><span>\u2022 Entreprises ind\u00e9pendantes de montres et de joaillerie<\/span><br data-start=\"1290\" data-end=\"1293\" \/><span>\u2022 Maisons et fabricants du patrimoine<\/span><br data-start=\"1329\" data-end=\"1332\" \/><span>\u2022 Les d\u00e9taillants, les maisons de vente aux ench\u00e8res et les plateformes de commerce international<\/span><\/p>\n<p style=\"text-align: left;\"><span>Nos missions vont du repositionnement strat\u00e9gique et de l'expansion sur le march\u00e9 \u00e0 la structuration du patrimoine et au d\u00e9veloppement des collections.<\/span><\/p>\n<\/div><\/div>\n<\/div>\n\n<div class=\"et_pb_column_4 et_pb_column et_pb_column_1_3 et_block_column et_pb_css_mix_blend_mode_passthrough preset--module--divi-column--default\">\n<div class=\"et_pb_text_7 et_pb_text et_pb_bg_layout_light et_pb_module et_block_module et_pb_text_align_center preset--module--divi-text--b2c5b238-e93f-4cc7-ab4d-2895544928f1\"><div class=\"et_pb_text_inner\"><h3>COLLECTIONNEURS &amp; PARTICULIERS<\/h3>\n<\/div><\/div>\n\n<div class=\"et_pb_image_2 et_pb_image et_pb_module et_block_module\"><span class=\"et_pb_image_wrap\"><img loading=\"lazy\" decoding=\"async\" src=\"https:\/\/www.jessicasilli.com\/wp-content\/uploads\/2025\/02\/attorney-3.png\" width=\"260\" height=\"44\" srcset=\"https:\/\/www.jessicasilli.com\/wp-content\/uploads\/2025\/02\/attorney-3.png 260w\" sizes=\"(max-width: 260px) 100vw, 260px\" class=\"wp-image-50\" title=\"attorney-3\" \/><\/span><\/div>\n\n<div class=\"et_pb_text_8 et_pb_text et_pb_bg_layout_light et_pb_module et_block_module et_pb_text_align_center preset--module--divi-text--b2c5b238-e93f-4cc7-ab4d-2895544928f1\"><div class=\"et_pb_text_inner\"><p data-start=\"2210\" data-end=\"2319\" style=\"text-align: left;\">Je conseille les particuliers et les structures d'investissement qui recherchent une expertise culturelle et patrimoniale, notamment :<\/p>\n<p data-start=\"2321\" data-end=\"2408\" style=\"text-align: left;\">\u2022 Collectionneurs \u00e9tablis et \u00e9mergents<br data-start=\"2358\" data-end=\"2361\" \/>\u2022 Family offices<br data-start=\"2377\" data-end=\"2380\" \/>\u2022 Fonds d'investissement priv\u00e9s<\/p>\n<p data-start=\"2410\" data-end=\"2568\" style=\"text-align: left;\">L'accompagnement comprend la strat\u00e9gie d'acquisition, la constitution de collections, l'analyse des valorisations, le conseil en mati\u00e8re de cession d'actifs et une repr\u00e9sentation discr\u00e8te lors de ventes priv\u00e9es et d'ench\u00e8res.<\/p>\n<\/div><\/div>\n<\/div>\n\n<div class=\"et_pb_column_5 et_pb_column et_pb_column_1_3 et-last-child et_block_column et_pb_css_mix_blend_mode_passthrough preset--module--divi-column--default\">\n<div class=\"et_pb_text_9 et_pb_text et_pb_bg_layout_light et_pb_module et_block_module et_pb_text_align_center preset--module--divi-text--b2c5b238-e93f-4cc7-ab4d-2895544928f1\"><div class=\"et_pb_text_inner\"><h3>INSTITUTIONS &amp; FONDATIONS CULTURELLES<\/h3>\n<\/div><\/div>\n\n<div class=\"et_pb_image_3 et_pb_image et_pb_module et_block_module\"><span class=\"et_pb_image_wrap\"><img loading=\"lazy\" decoding=\"async\" src=\"https:\/\/www.jessicasilli.com\/wp-content\/uploads\/2025\/02\/attorney-3.png\" width=\"260\" height=\"44\" srcset=\"https:\/\/www.jessicasilli.com\/wp-content\/uploads\/2025\/02\/attorney-3.png 260w\" sizes=\"(max-width: 260px) 100vw, 260px\" class=\"wp-image-50\" title=\"attorney-3\" \/><\/span><\/div>\n\n<div class=\"et_pb_text_10 et_pb_text et_pb_bg_layout_light et_pb_module et_block_module preset--module--divi-text--b2c5b238-e93f-4cc7-ab4d-2895544928f1\"><div class=\"et_pb_text_inner\"><p style=\"text-align: left;\">Je collabore avec :<br data-start=\"1700\" data-end=\"1703\" \/><span><\/span><\/p>\n<p style=\"text-align: left;\"><span>\u2022 Mus\u00e9es et archives<\/span><br data-start=\"1725\" data-end=\"1728\" \/>\u2022 Fondations priv\u00e9es et publiques<br data-start=\"1964\" data-end=\"1967\" \/>\u2022 Initiatives \u00e9ducatives et \u00e0 but non lucratif<br data-start=\"2007\" data-end=\"2010\" \/>\u2022 Partenariats marque-institution<\/p>\n<p data-start=\"2046\" data-end=\"2160\">Ces mandats incluent la strat\u00e9gie d'exposition, la direction des archives, le conseil en mati\u00e8re de gouvernance et la programmation culturelle \u00e0 long terme.<\/p>\n<\/div><\/div>\n<\/div>\n<\/div>\n\n<div class=\"et_pb_row_4 et_pb_row et_block_row\">\n<div class=\"et_pb_column_6 et_pb_column et_pb_column_4_4 et-last-child et_block_column et_pb_css_mix_blend_mode_passthrough preset--module--divi-column--default\">\n<div class=\"et_pb_text_11 et_pb_text et_pb_bg_layout_light et_pb_module et_block_module preset--module--divi-text--8da1682f-c677-4817-a72b-6e6d24ec7b38\"><div class=\"et_pb_text_inner\"><h2><strong>Ce que j'apporte<\/strong><\/h2>\n<\/div><\/div>\n<\/div>\n<\/div>\n\n<div class=\"et_pb_row_5 et_pb_row et_pb_row_1-4_3-4 et_block_row et_block_row_1-4_3-4\">\n<div class=\"et_pb_column_7 et_pb_column et_pb_column_1_4 et_block_column et_pb_column_empty et_pb_css_mix_blend_mode_passthrough preset--module--divi-column--default\"><\/div>\n\n<div class=\"et_pb_column_8 et_pb_column et_pb_column_3_4 et-last-child et_block_column et_pb_css_mix_blend_mode_passthrough preset--module--divi-column--default\">\n<div class=\"et_pb_blurb_0 et_pb_blurb et_pb_bg_layout_dark et_pb_text_align_justified et_pb_blurb_position_left et_pb_module et_block_module preset--module--divi-blurb--35fbbb2e-c003-40cf-8e88-2d2d0cc73f8b\"><div class=\"et_pb_blurb_content\"><div class=\"et_pb_main_blurb_image\"><span class=\"et_pb_image_wrap\"><span class=\"et-pb-icon\">\uf0ac<\/span><\/span><\/div><div class=\"et_pb_blurb_container\"><h4 class=\"et_pb_module_header\">Perspective internationale<\/h4><div class=\"et_pb_blurb_description\"><p><span>Bas\u00e9e \u00e0 Gen\u00e8ve, elle intervient en Europe, au Moyen-Orient et en Asie.<\/span><\/p>\n<\/div><\/div><\/div><\/div>\n\n<div class=\"et_pb_blurb_1 et_pb_blurb et_pb_bg_layout_dark et_pb_text_align_justified et_pb_blurb_position_left et_pb_module et_block_module preset--module--divi-blurb--35fbbb2e-c003-40cf-8e88-2d2d0cc73f8b\"><div class=\"et_pb_blurb_content\"><div class=\"et_pb_main_blurb_image\"><span class=\"et_pb_image_wrap\"><span class=\"et-pb-icon\">\uf3a5<\/span><\/span><\/div><div class=\"et_pb_blurb_container\"><h4 class=\"et_pb_module_header\">Autorit\u00e9 interdisciplinaire<\/h4><div class=\"et_pb_blurb_description\"><p><span>Une expertise couvrant la joaillerie, l'horlogerie et les arts.<\/span><\/p>\n<\/div><\/div><\/div><\/div>\n\n<div class=\"et_pb_blurb_2 et_pb_blurb et_pb_bg_layout_dark et_pb_text_align_justified et_pb_blurb_position_left et_pb_module et_block_module preset--module--divi-blurb--35fbbb2e-c003-40cf-8e88-2d2d0cc73f8b\"><div class=\"et_pb_blurb_content\"><div class=\"et_pb_main_blurb_image\"><span class=\"et_pb_image_wrap\"><span class=\"et-pb-icon\">\ue605<\/span><\/span><\/div><div class=\"et_pb_blurb_container\"><h4 class=\"et_pb_module_header\">Int\u00e9grit\u00e9 strat\u00e9gique<\/h4><div class=\"et_pb_blurb_description\"><p><span>Aligner la gestion culturelle avec la cr\u00e9ation de valeur \u00e0 long terme.<\/span><\/p>\n<\/div><\/div><\/div><\/div>\n\n<div class=\"et_pb_blurb_3 et_pb_blurb et_pb_bg_layout_dark et_pb_text_align_justified et_pb_blurb_position_left et_pb_module et_block_module preset--module--divi-blurb--35fbbb2e-c003-40cf-8e88-2d2d0cc73f8b\"><div class=\"et_pb_blurb_content\"><div class=\"et_pb_main_blurb_image\"><span class=\"et_pb_image_wrap\"><span class=\"et-pb-icon\">\ue02c<\/span><\/span><\/div><div class=\"et_pb_blurb_container\"><h4 class=\"et_pb_module_header\">Ind\u00e9pendance &amp; discr\u00e9tion<\/h4><div class=\"et_pb_blurb_description\"><p><span>Un mod\u00e8le de conseil de confiance, fond\u00e9 sur la confidentialit\u00e9 et des relations durables.<\/span><\/p>\n<\/div><\/div><\/div><\/div>\n<\/div>\n<\/div>\n<\/div>\n\n<div class=\"et_pb_section_2 et_pb_section et_section_regular et_block_section\">\n<div class=\"et_pb_row_6 et_pb_row et_block_row\">\n<div class=\"et_pb_column_9 et_pb_column et_pb_column_4_4 et-last-child et_block_column et_pb_css_mix_blend_mode_passthrough preset--module--divi-column--default\">\n<div class=\"et_pb_contact_form_0 et_pb_contact_form_container clearfix et_pb_module et_flex_module pa-contact-form-success-message preset--module--divi-contact-form--bf0fc817-71e7-419d-a6df-585bd768d509\" data-form_unique_num=\"0\" data-form_unique_id=\"7067d836e5cc6b8d0df5f1ee01accc26\" id=\"et_pb_contact_form_7067d836e5cc6b8d0df5f1ee01accc26\"><h1 class=\"et_pb_contact_main_title\">CONTACT<\/h1><div class=\"et-pb-contact-message\"><\/div><div class=\"et_pb_contact\"><form class=\"et_pb_contact_form et_flex_module\" method=\"post\" action=\"https:\/\/www.jessicasilli.com\/fr\/wp-json\/wp\/v2\/pages\/1740\" data-trp-original-action=\"https:\/\/www.jessicasilli.com\/fr\/wp-json\/wp\/v2\/pages\/1740\">\n<div class=\"et_pb_contact_field_0 et_pb_contact_field et_pb_module et_flex_module et_flex_column_24_24 et_flex_column_24_24_tablet et_flex_column_24_24_phone\" data-id=\"name\" data-type=\"input\"><label class=\"et_pb_contact_form_label\" for=\"et_pb_contact_0_name_0\">Pr\u00e9nom \/ Nom de famille<\/label><input type=\"text\" name=\"et_pb_contact_0_name_0\" id=\"et_pb_contact_0_name_0\" class=\"input\" data-required_mark=\"required\" data-field_type=\"input\" data-original_id=\"name\" placeholder=\"Pr\u00e9nom \/ Nom de famille\" title=\"\" value=\"\" \/><\/div>\n\n<div class=\"et_pb_contact_field_1 et_pb_contact_field et_pb_module et_flex_module et_flex_column_24_24 et_flex_column_24_24_tablet et_flex_column_24_24_phone\" data-id=\"email\" data-type=\"email\"><label class=\"et_pb_contact_form_label\" for=\"et_pb_contact_0_email_1\">Email<\/label><input type=\"text\" name=\"et_pb_contact_0_email_1\" id=\"et_pb_contact_0_email_1\" class=\"input\" data-required_mark=\"required\" data-field_type=\"email\" data-original_id=\"email\" placeholder=\"Email\" title=\"\" value=\"\" \/><\/div>\n\n<div class=\"et_pb_contact_field_2 et_pb_contact_field et_pb_module et_flex_module et_flex_column_24_24 et_flex_column_24_24_tablet et_flex_column_24_24_phone\" data-id=\"message\" data-type=\"text\"><label class=\"et_pb_contact_form_label\" for=\"et_pb_contact_0_message_2\">Message<\/label><textarea name=\"et_pb_contact_0_message_2\" id=\"et_pb_contact_0_message_2\" class=\"et_pb_contact_message input\" data-required_mark=\"required\" data-field_type=\"text\" data-original_id=\"message\" placeholder=\"Message\"><\/textarea><\/div>\n<input type=\"hidden\" name=\"et_pb_contactform_submit_7067d836e5cc6b8d0df5f1ee01accc26\" value=\"et_contact_proccess\" \/><div class=\"et_contact_bottom_container\"><div class=\"et_pb_button_wrapper\"><button type=\"submit\" name=\"et_builder_submit_button\" class=\"et_pb_button et_pb_contact_submit\">Submit<\/button><\/div><\/div><input type=\"hidden\" id=\"_wpnonce-et-pb-contact-form-submitted-7067d836e5cc6b8d0df5f1ee01accc26\" name=\"_wpnonce-et-pb-contact-form-submitted-7067d836e5cc6b8d0df5f1ee01accc26\" value=\"a5bffff1e1\" \/><input type=\"hidden\" name=\"_wp_http_referer\" value=\"\/fr\/wp-json\/wp\/v2\/pages\/1740\" \/><input type=\"hidden\" name=\"trp-form-language\" value=\"fr\"\/><\/form><\/div><\/div>\n\n<ul class=\"et_pb_social_media_follow_0 et_pb_social_media_follow clearfix et_pb_bg_layout_light et_pb_text_align_center et_pb_module et_block_module\">\n<li class=\"et_pb_social_media_follow_network_0 et_pb_social_media_follow_network et_pb_social_icon et_pb_social_network_link et-social-linkedin et_pb_module et_flex_module\"><a href=\"https:\/\/www.linkedin.com\/in\/jessica-silli-6385a8130\/\" class=\"icon\" target=\"_self\" title=\"Suivre sur Linkedin\" rel=\"noopener\"><span class=\"et_pb_social_media_follow_network_name\">Suivre<\/span><\/a><\/li>\n<\/ul>\n<\/div>\n<\/div>\n\n<div class=\"et_pb_row_7 et_pb_row et_block_row\">\n<div class=\"et_pb_column_10 et_pb_column et_pb_column_1_2 et_block_column et_pb_css_mix_blend_mode_passthrough preset--module--divi-column--default\">\n<div class=\"et_pb_text_12 et_pb_text et_pb_bg_layout_light et_pb_module et_block_module et_pb_text_align_center-tablet preset--module--divi-text--6f457ad3-3efe-4431-a3a7-2cacf8732660\"><div class=\"et_pb_text_inner\"><h5>Adresse<\/h5>\n<\/div><\/div>\n\n<div class=\"et_pb_text_13 et_pb_text et_pb_bg_layout_light et_pb_module et_block_module et_pb_text_align_center-tablet preset--module--divi-text--e1148e9d-a294-4cfa-acf2-240af3a1ab50\"><div class=\"et_pb_text_inner\"><p>Gen\u00e8ve, Suisse<\/p>\n<\/div><\/div>\n<\/div>\n\n<div class=\"et_pb_column_11 et_pb_column et_pb_column_1_2 et-last-child et_block_column et_pb_css_mix_blend_mode_passthrough preset--module--divi-column--default\">\n<div class=\"et_pb_text_14 et_pb_text et_pb_bg_layout_light et_pb_module et_block_module et_pb_text_align_right et_pb_text_align_center-tablet preset--module--divi-text--6f457ad3-3efe-4431-a3a7-2cacf8732660\"><div class=\"et_pb_text_inner\"><h5>Email<\/h5>\n<\/div><\/div>\n\n<div class=\"et_pb_text_15 et_pb_text et_pb_bg_layout_light et_clickable et_pb_module et_block_module et_pb_text_align_right et_pb_text_align_center-tablet preset--module--divi-text--e1148e9d-a294-4cfa-acf2-240af3a1ab50\"><div class=\"et_pb_text_inner\"><p><a href=\"mailto:#\">j<\/a>s@jessicasilli.com<\/p>\n<\/div><\/div>\n<\/div>\n<\/div>\n<\/div>\n\n<div class=\"et_pb_section_3 et_pb_section et_section_regular et_block_section\">\n<div class=\"et_pb_row_8 et_pb_row et_block_row\">\n<div class=\"et_pb_column_12 et_pb_column et_pb_column_4_4 et-last-child et_block_column et_pb_css_mix_blend_mode_passthrough preset--module--divi-column--default\">\n<div class=\"et_pb_text_16 et_pb_text et_pb_bg_layout_light et_pb_module et_block_module\"><div class=\"et_pb_text_inner\"><p style=\"text-align: center;\">\u00a9 Copyright 2025 \u2013 2026 Jessica Silli Consulting.<br \/>All Rights Reserved.<\/p>\n<\/div><\/div>\n<\/div>\n<\/div>\n<\/div>","protected":false},"excerpt":{"rendered":"","protected":false},"author":1,"featured_media":0,"parent":0,"menu_order":0,"comment_status":"closed","ping_status":"closed","template":"","meta":{"footnotes":""},"class_list":["post-1740","page","type-page","status-publish","hentry"],"_links":{"self":[{"href":"https:\/\/www.jessicasilli.com\/fr\/wp-json\/wp\/v2\/pages\/1740","targetHints":{"allow":["GET"]}}],"collection":[{"href":"https:\/\/www.jessicasilli.com\/fr\/wp-json\/wp\/v2\/pages"}],"about":[{"href":"https:\/\/www.jessicasilli.com\/fr\/wp-json\/wp\/v2\/types\/page"}],"author":[{"embeddable":true,"href":"https:\/\/www.jessicasilli.com\/fr\/wp-json\/wp\/v2\/users\/1"}],"replies":[{"embeddable":true,"href":"https:\/\/www.jessicasilli.com\/fr\/wp-json\/wp\/v2\/comments?post=1740"}],"version-history":[{"count":28,"href":"https:\/\/www.jessicasilli.com\/fr\/wp-json\/wp\/v2\/pages\/1740\/revisions"}],"predecessor-version":[{"id":2412,"href":"https:\/\/www.jessicasilli.com\/fr\/wp-json\/wp\/v2\/pages\/1740\/revisions\/2412"}],"wp:attachment":[{"href":"https:\/\/www.jessicasilli.com\/fr\/wp-json\/wp\/v2\/media?parent=1740"}],"curies":[{"name":"wp","href":"https:\/\/api.w.org\/{rel}","templated":true}]}}