{"id":1743,"date":"2025-09-23T17:07:09","date_gmt":"2025-09-23T17:07:09","guid":{"rendered":"https:\/\/www.jessicasilli.com\/?page_id=1743"},"modified":"2026-04-15T18:25:28","modified_gmt":"2026-04-15T18:25:28","slug":"the-advisor","status":"publish","type":"page","link":"https:\/\/www.jessicasilli.com\/fr\/the-advisor\/","title":{"rendered":"VOTRE CONSEILL\u00c8RE"},"content":{"rendered":"<div class=\"et_pb_section_0 et_pb_section et_section_regular et_block_section\">\n<div class=\"et_pb_row_0 et_pb_row et_block_row\">\n<div class=\"et_pb_column_0 et_pb_column et_pb_column_1_2 et_block_column et_pb_css_mix_blend_mode_passthrough preset--module--divi-column--default\">\n<div class=\"et_pb_image_0 et_pb_image et_pb_module et_block_module\"><span class=\"et_pb_image_wrap\"><img loading=\"lazy\" decoding=\"async\" src=\"https:\/\/www.jessicasilli.com\/wp-content\/uploads\/2026\/04\/JS-picture-copy-2-scaled-1.jpg\" title=\"JS-picture-copy-2-scaled\" width=\"1919\" height=\"2560\" srcset=\"https:\/\/www.jessicasilli.com\/wp-content\/uploads\/2026\/04\/JS-picture-copy-2-scaled-1.jpg 1919w, https:\/\/www.jessicasilli.com\/wp-content\/uploads\/2026\/04\/JS-picture-copy-2-scaled-1-1280x1708.jpg 1280w, https:\/\/www.jessicasilli.com\/wp-content\/uploads\/2026\/04\/JS-picture-copy-2-scaled-1-980x1307.jpg 980w, https:\/\/www.jessicasilli.com\/wp-content\/uploads\/2026\/04\/JS-picture-copy-2-scaled-1-480x640.jpg 480w\" sizes=\"(min-width: 0px) and (max-width: 480px) 480px, (min-width: 481px) and (max-width: 980px) 980px, (min-width: 981px) and (max-width: 1280px) 1280px, (min-width: 1281px) 1919px, 100vw\" class=\"wp-image-2402\" \/><\/span><\/div>\n<\/div>\n\n<div class=\"et_pb_column_1 et_pb_column et_pb_column_1_2 et-last-child et_block_column et_pb_css_mix_blend_mode_passthrough preset--module--divi-column--default\">\n<div class=\"et_pb_text_0 et_pb_text et_pb_bg_layout_light et_pb_module et_block_module preset--module--divi-text--934ccc0e-2d89-4e84-9e8b-ff45cfc132d6\"><div class=\"et_pb_text_inner\"><div>\n<p data-start=\"132\" data-end=\"538\">D'origine italo-allemande, j'ai baign\u00e9 d\u00e8s mon plus jeune \u00e2ge dans l'art, l'artisanat et la culture, ce qui a nourri en moi un profond respect pour l'authenticit\u00e9, le patrimoine et le raffinement. Dipl\u00f4m\u00e9e en gestion culturelle de Paris et titulaire d'un dipl\u00f4me de gemmologue du Gemological Institute of America de New York, je poss\u00e8de des comp\u00e9tences qui ont guid\u00e9 ma carri\u00e8re dans la joaillerie, la haute horlogerie et les arts.<\/p>\n<p data-start=\"540\" data-end=\"789\">En Europe, au Moyen-Orient et en Asie, j'ai collabor\u00e9 avec de grandes maisons de vente aux ench\u00e8res, des maisons de haute joaillerie et des family offices, acqu\u00e9rant ainsi une connaissance approfondie du march\u00e9 et un savoir-faire essentiels pour conseiller les clients les plus exigeants au monde.<\/p>\n<p data-start=\"791\" data-end=\"1056\">Bas\u00e9e \u00e0 Gen\u00e8ve, j'accompagne les marques de luxe, les maisons ind\u00e9pendantes, les collectionneurs et les institutions culturelles, en combinant vision strat\u00e9gique et expertise curatoriale pour valoriser le patrimoine, organiser des collections et aligner strat\u00e9gie culturelle et commerciale.<\/p>\n<p data-start=\"1058\" data-end=\"1204\">Parlant couramment fran\u00e7ais, anglais et italien, je travaille \u00e0 l'\u00e9chelle mondiale pour aider mes clients \u00e0 \u00e9laborer des r\u00e9cits significatifs, \u00e0 pr\u00e9server leur h\u00e9ritage et \u00e0 cr\u00e9er une valeur durable.<\/p>\n<p><span><\/span><span><o:p><\/o:p><\/span><\/div>\n<\/div><\/div>\n<\/div>\n<\/div>\n<\/div>\n\n<div class=\"et_pb_section_1 et_pb_section et_section_regular et_block_section\">\n<div class=\"et_pb_row_1 et_pb_row et_block_row\">\n<div class=\"et_pb_column_2 et_pb_column et_pb_column_1_2 et_block_column et_pb_css_mix_blend_mode_passthrough preset--module--divi-column--default\">\n<div class=\"et_pb_text_1 et_pb_text et_pb_bg_layout_light et_pb_module et_block_module preset--module--divi-text--8da1682f-c677-4817-a72b-6e6d24ec7b38\"><div class=\"et_pb_text_inner\"><h2 style=\"text-align: center;\"><strong><span>Sp\u00e9cialisations &amp; Points Forts<\/span><\/strong><\/h2>\n<p data-start=\"1078\" data-end=\"1273\">\n<\/div><\/div>\n\n<div class=\"et_pb_blurb_0 et_pb_blurb et_pb_bg_layout_dark et_pb_blurb_position_left et_pb_module et_block_module preset--module--divi-blurb--35fbbb2e-c003-40cf-8e88-2d2d0cc73f8b\"><div class=\"et_pb_blurb_content\"><div class=\"et_pb_main_blurb_image\"><span class=\"et_pb_image_wrap\"><span class=\"et-pb-icon\">\uf689<\/span><\/span><\/div><div class=\"et_pb_blurb_container\"><h4 class=\"et_pb_module_header\">Connaissance approfondie des \u0153uvres anciennes et contemporaines : bijoux, montres, art, archives.<\/h4><\/div><\/div><\/div>\n\n<div class=\"et_pb_blurb_1 et_pb_blurb et_pb_bg_layout_dark et_pb_text_align_justified et_pb_blurb_position_left et_pb_module et_block_module preset--module--divi-blurb--35fbbb2e-c003-40cf-8e88-2d2d0cc73f8b\"><div class=\"et_pb_blurb_content\"><div class=\"et_pb_main_blurb_image\"><span class=\"et_pb_image_wrap\"><span class=\"et-pb-icon\">\uf80d<\/span><\/span><\/div><div class=\"et_pb_blurb_container\"><h4 class=\"et_pb_module_header\">R\u00e9seau mondial d'ateliers, d'experts, de conservateurs et d'artisans.<\/h4><\/div><\/div><\/div>\n\n<div class=\"et_pb_blurb_2 et_pb_blurb et_pb_bg_layout_dark et_pb_text_align_justified et_pb_blurb_position_left et_pb_module et_block_module preset--module--divi-blurb--35fbbb2e-c003-40cf-8e88-2d2d0cc73f8b\"><div class=\"et_pb_blurb_content\"><div class=\"et_pb_main_blurb_image\"><span class=\"et_pb_image_wrap\"><span class=\"et-pb-icon\">\ue066<\/span><\/span><\/div><div class=\"et_pb_blurb_container\"><h4 class=\"et_pb_module_header\">Sens narratif fort : comment un produit, une collection ou l'identit\u00e9 de marque racontent des histoires \u00e0 travers le temps.<\/h4><\/div><\/div><\/div>\n\n<div class=\"et_pb_blurb_3 et_pb_blurb et_pb_bg_layout_dark et_pb_text_align_justified et_pb_blurb_position_left et_pb_module et_block_module preset--module--divi-blurb--35fbbb2e-c003-40cf-8e88-2d2d0cc73f8b\"><div class=\"et_pb_blurb_content\"><div class=\"et_pb_main_blurb_image\"><span class=\"et_pb_image_wrap\"><span class=\"et-pb-icon\">\uf66f<\/span><\/span><\/div><div class=\"et_pb_blurb_container\"><h4 class=\"et_pb_module_header\">Engagement en faveur de la pr\u00e9servation du patrimoine tout en favorisant l'innovation.  <\/h4><\/div><\/div><\/div>\n<\/div>\n\n<div class=\"et_pb_column_3 et_pb_column et_pb_column_1_2 et-last-child et_block_column et_pb_css_mix_blend_mode_passthrough preset--module--divi-column--default\">\n<div class=\"et_pb_text_2 et_pb_text et_pb_bg_layout_light et_pb_module et_block_module preset--module--divi-text--8da1682f-c677-4817-a72b-6e6d24ec7b38\"><div class=\"et_pb_text_inner\"><h2 style=\"text-align: center;\"><strong>Valeurs &amp; Approche<\/strong><\/h2>\n<\/div><\/div>\n\n<div class=\"et_pb_blurb_4 et_pb_blurb et_pb_bg_layout_dark et_pb_text_align_justified et_pb_blurb_position_left et_pb_module et_block_module preset--module--divi-blurb--35fbbb2e-c003-40cf-8e88-2d2d0cc73f8b\"><div class=\"et_pb_blurb_content\"><div class=\"et_pb_main_blurb_image\"><span class=\"et_pb_image_wrap\"><span class=\"et-pb-icon\">\uf86d<\/span><\/span><\/div><div class=\"et_pb_blurb_container\"><h4 class=\"et_pb_module_header\">L'expertise curatoriale rencontre la strat\u00e9gie commerciale<\/h4><div class=\"et_pb_blurb_description\"><p>Mon objectif est de garantir que la valeur artistique et historique de chaque projet soit contrebalanc\u00e9e par une r\u00e9flexion strat\u00e9gique solide et une pertinence commerciale.<\/p>\n<\/div><\/div><\/div><\/div>\n\n<div class=\"et_pb_blurb_5 et_pb_blurb et_pb_bg_layout_dark et_pb_text_align_justified et_pb_blurb_position_left et_pb_module et_block_module preset--module--divi-blurb--35fbbb2e-c003-40cf-8e88-2d2d0cc73f8b\"><div class=\"et_pb_blurb_content\"><div class=\"et_pb_main_blurb_image\"><span class=\"et_pb_image_wrap\"><span class=\"et-pb-icon\">\uf2b5<\/span><\/span><\/div><div class=\"et_pb_blurb_container\"><h4 class=\"et_pb_module_header\">Authenticit\u00e9 &amp; int\u00e9grit\u00e9 culturelle<\/h4><div class=\"et_pb_blurb_description\"><p>Qu\u2019il s\u2019agisse de fa\u00e7onner des r\u00e9cits patrimoniaux ou de conseiller de nouvelles collections, je travaille dans le respect du savoir-faire, de la provenance et du contexte profond qui donne tout son sens au luxe.<\/p>\n<\/div><\/div><\/div><\/div>\n\n<div class=\"et_pb_blurb_6 et_pb_blurb et_pb_bg_layout_dark et_pb_text_align_justified et_pb_blurb_position_left et_pb_module et_block_module preset--module--divi-blurb--35fbbb2e-c003-40cf-8e88-2d2d0cc73f8b\"><div class=\"et_pb_blurb_content\"><div class=\"et_pb_main_blurb_image\"><span class=\"et_pb_image_wrap\"><span class=\"et-pb-icon\">\ue068<\/span><\/span><\/div><div class=\"et_pb_blurb_container\"><h4 class=\"et_pb_module_header\">Discr\u00e9tion &amp; collaboration personnalis\u00e9e<\/h4><div class=\"et_pb_blurb_description\"><p>Je travaille en \u00e9troite collaboration avec mes clients \u2014 marques, collectionneurs, institutions \u2014 afin de comprendre leur vision et leurs contraintes sp\u00e9cifiques. Chaque d\u00e9cision est \u00e9clair\u00e9e, r\u00e9fl\u00e9chie et align\u00e9e sur leurs objectifs \u00e0 long terme.<\/p>\n<\/div><\/div><\/div><\/div>\n<\/div>\n<\/div>\n<\/div>\n\n<div class=\"et_pb_section_2 et_pb_section et_section_regular et_block_section\">\n<div class=\"et_pb_row_2 et_pb_row et_block_row\">\n<div class=\"et_pb_column_4 et_pb_column et_pb_column_4_4 et-last-child et_block_column et_pb_css_mix_blend_mode_passthrough preset--module--divi-column--default\">\n<div class=\"et_pb_icon_0 et_pb_icon et_pb_module et_block_module\"><span class=\"et_pb_icon_wrap\"><span class=\"et-pb-icon\">\uf10d<\/span><\/span><\/div>\n\n<div class=\"et_pb_slider_0 et_pb_slider et_pb_slider_fullwidth_off et_pb_module et_block_module\"><div class=\"et_pb_slides\">\n<div class=\"et_pb_slide_0 et_pb_slide et_pb_media_alignment_center et_pb_bg_layout_dark et_pb_text_align_center\" data-slide-id=\"divi\/slide-0\"><div class=\"et_pb_container\"><div class=\"et_pb_slider_container_inner\"><div class=\"et_pb_slide_description\"><h2 class=\"et_pb_slide_title\">JCBIVER<\/h2><div class=\"et_pb_slide_content\"><p>\"Thank you for your support and commitment to our brand. I am delighted by your presence and efficiency. Best regards, much success, and good luck. Eternity has no competition.\"<\/p>\n<p>&nbsp;<\/p>\n<\/div><\/div><\/div><\/div><\/div>\n\n<div class=\"et_pb_slide_1 et_pb_slide et_pb_media_alignment_center et_pb_bg_layout_dark et_pb_text_align_center\" data-slide-id=\"divi\/slide-1\"><div class=\"et_pb_container\"><div class=\"et_pb_slider_container_inner\"><div class=\"et_pb_slide_description\"><h2 class=\"et_pb_slide_title\">Ph. Truan<\/h2><div class=\"et_pb_slide_content\"><p>\"Jessica offers vision and solutions for the projects she supports. <span class=\"Y2IQFc\" lang=\"en\">She is proactive and dedicated. Her skills and in-depth knowledge of the luxury market are a fantastic asset.\"<\/span><\/p>\n<\/div><\/div><\/div><\/div><\/div>\n\n<div class=\"et_pb_slide_2 et_pb_slide et_pb_media_alignment_center et_pb_bg_layout_dark et_pb_text_align_center\" data-slide-id=\"divi\/slide-2\"><div class=\"et_pb_container\"><div class=\"et_pb_slider_container_inner\"><div class=\"et_pb_slide_description\"><h2 class=\"et_pb_slide_title\">Me perronnet<\/h2><div class=\"et_pb_slide_content\"><p>\"Jessica has an excellent understanding of the watch market and the intricacies of this demanding sector. I greatly appreciated her strategic vision, which combines a genuine understanding of watchmaking history with a forward-looking perspective. I also enjoyed involving her in the thematic conferences at the Time to Watches trade show, where she shared her experience and expertise with great clarity.\"<\/p>\n<\/div><\/div><\/div><\/div><\/div>\n<\/div><\/div>\n<\/div>\n<\/div>\n<\/div>\n\n<div class=\"et_pb_section_3 et_pb_section et_section_regular et_block_section\">\n<div class=\"et_pb_row_3 et_pb_row et_block_row\">\n<div class=\"et_pb_column_5 et_pb_column et_pb_column_1_2 et_block_column et_pb_css_mix_blend_mode_passthrough preset--module--divi-column--default\">\n<div class=\"et_pb_text_3 et_pb_text et_pb_bg_layout_light et_pb_module et_block_module et_pb_text_align_center-tablet preset--module--divi-text--6f457ad3-3efe-4431-a3a7-2cacf8732660\"><div class=\"et_pb_text_inner\"><h5>Adresse<\/h5>\n<\/div><\/div>\n\n<div class=\"et_pb_text_4 et_pb_text et_pb_bg_layout_light et_pb_module et_block_module et_pb_text_align_center-tablet preset--module--divi-text--e1148e9d-a294-4cfa-acf2-240af3a1ab50\"><div class=\"et_pb_text_inner\"><p>Gen\u00e8ve, Suisse<\/p>\n<\/div><\/div>\n<\/div>\n\n<div class=\"et_pb_column_6 et_pb_column et_pb_column_1_2 et-last-child et_block_column et_pb_css_mix_blend_mode_passthrough preset--module--divi-column--default\">\n<div class=\"et_pb_text_5 et_pb_text et_pb_bg_layout_light et_pb_module et_block_module et_pb_text_align_right et_pb_text_align_center-tablet preset--module--divi-text--6f457ad3-3efe-4431-a3a7-2cacf8732660\"><div class=\"et_pb_text_inner\"><h5>Email<\/h5>\n<\/div><\/div>\n\n<div class=\"et_pb_text_6 et_pb_text et_pb_bg_layout_light et_clickable et_pb_module et_block_module et_pb_text_align_right et_pb_text_align_center-tablet preset--module--divi-text--e1148e9d-a294-4cfa-acf2-240af3a1ab50\"><div class=\"et_pb_text_inner\"><p><a href=\"mailto:#\">j<\/a>s@jessicasilli.com<\/p>\n<\/div><\/div>\n<\/div>\n<\/div>\n<\/div>\n\n<div class=\"et_pb_section_4 et_pb_section et_section_regular et_block_section\">\n<div class=\"et_pb_row_4 et_pb_row et_block_row\">\n<div class=\"et_pb_column_7 et_pb_column et_pb_column_4_4 et-last-child et_block_column et_pb_css_mix_blend_mode_passthrough preset--module--divi-column--default\">\n<div class=\"et_pb_text_7 et_pb_text et_pb_bg_layout_light et_pb_module et_block_module\"><div class=\"et_pb_text_inner\"><p style=\"text-align: center;\">\u00a9 Copyright 2025 \u2013 2026 Jessica Silli Consulting.<br \/>All Rights Reserved.<\/p>\n<\/div><\/div>\n<\/div>\n<\/div>\n<\/div>","protected":false},"excerpt":{"rendered":"","protected":false},"author":1,"featured_media":0,"parent":0,"menu_order":0,"comment_status":"closed","ping_status":"closed","template":"","meta":{"footnotes":""},"class_list":["post-1743","page","type-page","status-publish","hentry"],"_links":{"self":[{"href":"https:\/\/www.jessicasilli.com\/fr\/wp-json\/wp\/v2\/pages\/1743","targetHints":{"allow":["GET"]}}],"collection":[{"href":"https:\/\/www.jessicasilli.com\/fr\/wp-json\/wp\/v2\/pages"}],"about":[{"href":"https:\/\/www.jessicasilli.com\/fr\/wp-json\/wp\/v2\/types\/page"}],"author":[{"embeddable":true,"href":"https:\/\/www.jessicasilli.com\/fr\/wp-json\/wp\/v2\/users\/1"}],"replies":[{"embeddable":true,"href":"https:\/\/www.jessicasilli.com\/fr\/wp-json\/wp\/v2\/comments?post=1743"}],"version-history":[{"count":41,"href":"https:\/\/www.jessicasilli.com\/fr\/wp-json\/wp\/v2\/pages\/1743\/revisions"}],"predecessor-version":[{"id":2403,"href":"https:\/\/www.jessicasilli.com\/fr\/wp-json\/wp\/v2\/pages\/1743\/revisions\/2403"}],"wp:attachment":[{"href":"https:\/\/www.jessicasilli.com\/fr\/wp-json\/wp\/v2\/media?parent=1743"}],"curies":[{"name":"wp","href":"https:\/\/api.w.org\/{rel}","templated":true}]}}