{"id":2183,"date":"2026-03-05T16:29:49","date_gmt":"2026-03-05T16:29:49","guid":{"rendered":"https:\/\/www.jessicasilli.com\/?page_id=2183"},"modified":"2026-04-15T18:34:14","modified_gmt":"2026-04-15T18:34:14","slug":"sourcing-collection-care","status":"publish","type":"page","link":"https:\/\/www.jessicasilli.com\/fr\/sourcing-collection-care\/","title":{"rendered":"ACQUISITION &amp; PR\u00c9SERVATION DES COLLECTIONS"},"content":{"rendered":"<div class=\"et_pb_section_0 et_pb_section et_section_regular et_block_section\">\n<div class=\"et_pb_row_0 et_pb_row et_block_row\">\n<div class=\"et_pb_column_0 et_pb_column et_pb_column_4_4 et-last-child et_block_column et_pb_css_mix_blend_mode_passthrough preset--module--divi-column--default\">\n<div class=\"et_pb_text_0 et_pb_text et_pb_bg_layout_light et_pb_module et_block_module et_pb_text_align_center preset--module--divi-text--51673ab3-1e1c-4ebd-8a4f-7526a5e055e2\"><div class=\"et_pb_text_inner\"><h1>acquisition &amp; gestion de collection\u00a0<\/h1>\n<\/div><\/div>\n\n<div class=\"et_pb_image_0 et_pb_image et_pb_module et_block_module\"><span class=\"et_pb_image_wrap\"><img loading=\"lazy\" decoding=\"async\" src=\"https:\/\/www.jessicasilli.com\/wp-content\/uploads\/2025\/02\/attorney-1.png\" width=\"260\" height=\"44\" srcset=\"https:\/\/www.jessicasilli.com\/wp-content\/uploads\/2025\/02\/attorney-1.png 260w\" sizes=\"(max-width: 260px) 100vw, 260px\" class=\"wp-image-47\" title=\"attorney-1\" \/><\/span><\/div>\n\n<div class=\"et_pb_text_1 et_pb_text et_pb_bg_layout_light et_pb_module et_block_module et_pb_text_align_center preset--module--divi-text--e444eaf3-6d47-475d-b3b7-70a6eb88c5fd\"><div class=\"et_pb_text_inner\"><h4>ACQUISITION STRAT\u00c9GIQUE &amp; GESTION \u00c0 LONG TERME<\/h4>\n<\/div><\/div>\n<\/div>\n<\/div>\n<\/div>\n\n<div class=\"et_pb_section_1 et_pb_section et_section_regular et_block_section\">\n<div class=\"et_pb_row_1 et_pb_row et_block_row\">\n<div class=\"et_pb_column_1 et_pb_column et_pb_column_4_4 et-last-child et_block_column et_pb_css_mix_blend_mode_passthrough preset--module--divi-column--default\">\n<div class=\"et_pb_text_2 et_pb_text et_pb_bg_layout_light et_pb_module et_block_module preset--module--divi-text--3ed83f4c-3b7e-4ac3-805c-199553dd738a\"><div class=\"et_pb_text_inner\"><p data-start=\"612\" data-end=\"770\">Dans les domaines de l'art, de la joaillerie et de l'horlogerie, je propose des conseils ind\u00e9pendants pour l'acquisition et la conservation \u00e0 long terme de pi\u00e8ces importantes, modernes et anciennes.<\/p>\n<p data-start=\"772\" data-end=\"947\">Qu\u2019il s\u2019agisse de trouver une \u0153uvre d\u2019art contemporaine, une pierre pr\u00e9cieuse rare ou une montre historique, chaque mandat est abord\u00e9 avec un regard curatorial, une connaissance approfondie du march\u00e9 et une grande discr\u00e9tion.<\/p>\n<p data-start=\"1432\" data-end=\"1512\">\n<\/div><\/div>\n<\/div>\n<\/div>\n\n<div class=\"et_pb_row_2 et_pb_row et_block_row\">\n<div class=\"et_pb_column_2 et_pb_column et_pb_column_1_2 et_block_column et_pb_css_mix_blend_mode_passthrough preset--module--divi-column--default\">\n<div class=\"et_pb_image_1 et_pb_image et_pb_module et_block_module\"><span class=\"et_pb_image_wrap\"><img loading=\"lazy\" decoding=\"async\" src=\"https:\/\/www.jessicasilli.com\/wp-content\/uploads\/2026\/04\/project-dev-white.png\" title=\"project-dev-white\" width=\"512\" height=\"512\" srcset=\"https:\/\/www.jessicasilli.com\/wp-content\/uploads\/2026\/04\/project-dev-white.png 512w, https:\/\/www.jessicasilli.com\/wp-content\/uploads\/2026\/04\/project-dev-white-480x480.png 480w\" sizes=\"(min-width: 0px) and (max-width: 480px) 480px, (min-width: 481px) 512px, 100vw\" class=\"wp-image-2398\" \/><\/span><\/div>\n\n<div class=\"et_pb_text_3 et_pb_text et_pb_bg_layout_light et_pb_module et_block_module preset--module--divi-text--a7007876-7604-4de6-a8cc-c74a773d714e\"><div class=\"et_pb_text_inner\"><h5><strong data-start=\"307\" data-end=\"346\">Acquisition &amp; approvisionnement<br \/><\/strong><\/h5>\n<p><strong data-start=\"307\" data-end=\"346\"><\/strong><\/p>\n<\/div><\/div>\n\n<div class=\"et_pb_text_4 et_pb_text et_pb_bg_layout_light et_pb_module et_block_module preset--module--divi-text--1f9b4fa8-7935-41f2-bd4a-951549c9608c\"><div class=\"et_pb_text_inner\"><p data-start=\"1432\" data-end=\"1512\">J'accompagne les clients priv\u00e9s, les marques et les institutions dans l'identification et la s\u00e9curisation :<\/p>\n<p data-start=\"1514\" data-end=\"1672\">\u2022 \u0152uvres d'art modernes et contemporaines<br data-start=\"1552\" data-end=\"1555\" \/>\u2022 Joaillerie et pi\u00e8ces patrimoniales<br data-start=\"1587\" data-end=\"1590\" \/>\u2022 Horlogerie haut de gamme et ind\u00e9pendante<br data-start=\"1628\" data-end=\"1631\" \/>\u2022 Pierres pr\u00e9cieuses rares et objets d'exception<\/p>\n<p data-start=\"1273\" data-end=\"1443\">Mes services de conseil comprennent des \u00e9tudes de march\u00e9, l'analyse de la provenance, l'\u00e9valuation de l'\u00e9tat des objets, une estimation de leur valeur et des n\u00e9gociations discr\u00e8tes lors de ventes priv\u00e9es, en galeries, aux ench\u00e8res et aupr\u00e8s de r\u00e9seaux sp\u00e9cialis\u00e9s.<\/p>\n<\/div><\/div>\n<\/div>\n\n<div class=\"et_pb_column_3 et_pb_column et_pb_column_1_2 et-last-child et_block_column et_pb_css_mix_blend_mode_passthrough preset--module--divi-column--default\">\n<div class=\"et_pb_image_2 et_pb_image et_pb_module et_block_module\"><span class=\"et_pb_image_wrap\"><img loading=\"lazy\" decoding=\"async\" src=\"https:\/\/www.jessicasilli.com\/wp-content\/uploads\/2025\/08\/heritage-white.png\" width=\"512\" height=\"512\" srcset=\"https:\/\/www.jessicasilli.com\/wp-content\/uploads\/2025\/08\/heritage-white.png 512w, https:\/\/www.jessicasilli.com\/wp-content\/uploads\/2025\/08\/heritage-white-480x480.png 480w\" sizes=\"(min-width: 0px) and (max-width: 480px) 480px, (min-width: 481px) 512px, 100vw\" class=\"wp-image-946\" title=\"heritage white\" \/><\/span><\/div>\n\n<div class=\"et_pb_text_5 et_pb_text et_pb_bg_layout_light et_pb_module et_block_module preset--module--divi-text--a7007876-7604-4de6-a8cc-c74a773d714e\"><div class=\"et_pb_text_inner\"><h5><strong data-start=\"307\" data-end=\"346\">PR\u00c9SERVATION &amp; CONSERVATION<\/strong><\/h5>\n<\/div><\/div>\n\n<div class=\"et_pb_text_6 et_pb_text et_pb_bg_layout_light et_pb_module et_block_module preset--module--divi-text--1f9b4fa8-7935-41f2-bd4a-951549c9608c\"><div class=\"et_pb_text_inner\"><p data-start=\"1432\" data-end=\"1512\">La valeur durable repose sur un entretien expert.<\/p>\n<p data-start=\"1522\" data-end=\"1748\">Je coordonne les op\u00e9rations de conservation, de restauration et de r\u00e9vision technique \u00e0 travers un r\u00e9seau d\u2019ateliers sp\u00e9cialis\u00e9s, de ma\u00eetres artisans et d\u2019experts reconnus \u2014 afin de garantir que chaque pi\u00e8ce soit pr\u00e9serv\u00e9e avec pr\u00e9cision et dans le respect de son int\u00e9grit\u00e9 d\u2019origine.<\/p>\n<p data-start=\"1724\" data-end=\"1738\">Cela comprend notamment :<\/p>\n<p data-start=\"1740\" data-end=\"1934\">\u2022 Conservation des \u0153uvres d\u2019art et suivi de leur \u00e9tat de conservation<br data-start=\"1787\" data-end=\"1790\" \/>\u2022 Restauration de joaillerie et sertissage de pierres<br data-start=\"1833\" data-end=\"1836\" \/>\u2022 Entretien, r\u00e9vision horlog\u00e8re et restauration de montres<br data-start=\"1878\" data-end=\"1881\" \/>\u2022 Pr\u00e9vention et strat\u00e9gie de conservation \u00e0 long terme<\/p>\n<\/div><\/div>\n<\/div>\n<\/div>\n\n<div class=\"et_pb_row_3 et_pb_row et_block_row\">\n<div class=\"et_pb_column_4 et_pb_column et_pb_column_1_2 et_block_column et_pb_css_mix_blend_mode_passthrough preset--module--divi-column--default\">\n<div class=\"et_pb_image_3 et_pb_image et_pb_module et_block_module\"><span class=\"et_pb_image_wrap\"><img loading=\"lazy\" decoding=\"async\" src=\"https:\/\/www.jessicasilli.com\/wp-content\/uploads\/2025\/08\/brand-strategy-white.png\" title=\"brand strategy white\" width=\"512\" height=\"512\" srcset=\"https:\/\/www.jessicasilli.com\/wp-content\/uploads\/2025\/08\/brand-strategy-white.png 512w, https:\/\/www.jessicasilli.com\/wp-content\/uploads\/2025\/08\/brand-strategy-white-480x480.png 480w\" sizes=\"(min-width: 0px) and (max-width: 480px) 480px, (min-width: 481px) 512px, 100vw\" class=\"wp-image-944\" \/><\/span><\/div>\n\n<div class=\"et_pb_text_7 et_pb_text et_pb_bg_layout_light et_pb_module et_block_module preset--module--divi-text--a7007876-7604-4de6-a8cc-c74a773d714e\"><div class=\"et_pb_text_inner\"><h5><strong data-start=\"307\" data-end=\"346\">PROTECTION ET ASSURANCE DES COLLECTIONS<br \/><\/strong><\/h5>\n<p><strong data-start=\"307\" data-end=\"346\"><\/strong><\/p>\n<\/div><\/div>\n\n<div class=\"et_pb_text_8 et_pb_text et_pb_bg_layout_light et_pb_module et_block_module preset--module--divi-text--1f9b4fa8-7935-41f2-bd4a-951549c9608c\"><div class=\"et_pb_text_inner\"><p style=\"text-align: justify;\"><span>Je conseille sur les mises \u00e0 jour d'\u00e9valuation, la documentation et la coordination avec les partenaires d'assurance afin de garantir une couverture appropri\u00e9e et adapt\u00e9e \u00e0 la valeur de chaque pi\u00e8ce.\u00a0<\/span><\/p>\n<\/div><\/div>\n<\/div>\n\n<div class=\"et_pb_column_5 et_pb_column et_pb_column_1_2 et-last-child et_block_column et_pb_css_mix_blend_mode_passthrough preset--module--divi-column--default\">\n<div class=\"et_pb_image_4 et_pb_image et_pb_module et_block_module\"><span class=\"et_pb_image_wrap\"><img loading=\"lazy\" decoding=\"async\" src=\"https:\/\/www.jessicasilli.com\/wp-content\/uploads\/2026\/04\/non-profit-white.png\" title=\"non-profit-white\" width=\"512\" height=\"512\" srcset=\"https:\/\/www.jessicasilli.com\/wp-content\/uploads\/2026\/04\/non-profit-white.png 512w, https:\/\/www.jessicasilli.com\/wp-content\/uploads\/2026\/04\/non-profit-white-480x480.png 480w\" sizes=\"(min-width: 0px) and (max-width: 480px) 480px, (min-width: 481px) 512px, 100vw\" class=\"wp-image-2397\" \/><\/span><\/div>\n\n<div class=\"et_pb_text_9 et_pb_text et_pb_bg_layout_light et_pb_module et_block_module preset--module--divi-text--a7007876-7604-4de6-a8cc-c74a773d714e\"><div class=\"et_pb_text_inner\"><h5><strong data-start=\"307\" data-end=\"346\">UNE PERSPECTIVE \u00c0 LONG TERME<\/strong><\/h5>\n<\/div><\/div>\n\n<div class=\"et_pb_text_10 et_pb_text et_pb_bg_layout_light et_pb_module et_block_module preset--module--divi-text--1f9b4fa8-7935-41f2-bd4a-951549c9608c\"><div class=\"et_pb_text_inner\"><p data-start=\"2555\" data-end=\"2576\"><strong data-start=\"2555\" data-end=\"2574\"><\/strong><\/p>\n<p data-start=\"1432\" data-end=\"1512\"><span>De l'acquisition \u00e0 la conservation, j'interviens en tant que conseiller ind\u00e9pendant, veillant \u00e0 ce que chaque \u0153uvre, bijou ou montre soit non seulement acquis avec discernement, mais aussi conserv\u00e9 avec soin et pr\u00e9voyance.<\/span><\/p>\n<\/div><\/div>\n<\/div>\n<\/div>\n\n<div class=\"et_pb_row_4 et_pb_row et_block_row\">\n<div class=\"et_pb_column_6 et_pb_column et_pb_column_4_4 et-last-child et_block_column et_pb_css_mix_blend_mode_passthrough preset--module--divi-column--default\">\n<div class=\"et_pb_slider_0 et_pb_slider et_pb_slider_fullwidth_off et_pb_slider_no_arrows et_pb_slider_no_pagination et_slider_auto et_slider_speed_8000 et_pb_module et_block_module\"><div class=\"et_pb_slides\">\n<div class=\"et_pb_slide_0 et_pb_slide et_pb_media_alignment_center et_pb_bg_layout_dark et_pb_text_align_center\" data-slide-id=\"divi\/slide-0\"><div class=\"et_pb_container\"><div class=\"et_pb_slider_container_inner\"><div class=\"et_pb_slide_description\"><div class=\"et_pb_slide_content\"><p style=\"text-align: center;\">\"<span>La qualit\u00e9 demeure longtemps apr\u00e8s que le prix soit oubli\u00e9<\/span>.\"<\/p>\n<\/div><\/div><\/div><\/div><\/div>\n\n<div class=\"et_pb_slide_1 et_pb_slide et_pb_media_alignment_center et_pb_bg_layout_dark et_pb_text_align_center\" data-slide-id=\"divi\/slide-1\"><div class=\"et_pb_container\"><div class=\"et_pb_slider_container_inner\"><div class=\"et_pb_slide_description\"><div class=\"et_pb_slide_content\"><p style=\"text-align: center;\">\"<span>Une \u0153uvre d'art est une responsabilit\u00e9.<\/span>\"<\/p>\n<\/div><\/div><\/div><\/div><\/div>\n\n<div class=\"et_pb_slide_2 et_pb_slide et_pb_media_alignment_center et_pb_bg_layout_dark et_pb_text_align_center\" data-slide-id=\"divi\/slide-2\"><div class=\"et_pb_container\"><div class=\"et_pb_slider_container_inner\"><div class=\"et_pb_slide_description\"><div class=\"et_pb_slide_content\"><p style=\"text-align: center;\">\"<span>L'art n'est pas ce que vous voyez, mais ce que vous faites voir aux autres.<\/span>.\"<\/p>\n<p style=\"text-align: right;\"><span>Edgar Degas<\/span><\/p>\n<\/div><\/div><\/div><\/div><\/div>\n\n<div class=\"et_pb_slide_3 et_pb_slide et_pb_media_alignment_center et_pb_bg_layout_dark et_pb_text_align_center\" data-slide-id=\"divi\/slide-3\"><div class=\"et_pb_container\"><div class=\"et_pb_slider_container_inner\"><div class=\"et_pb_slide_description\"><div class=\"et_pb_slide_content\"><p style=\"text-align: center;\">\"<span>La pr\u00e9servation de la tradition ne signifie pas le culte des cendres, mais la transmission du feu.<\/span><br data-start=\"2149\" data-end=\"2152\" \/><\/p>\n<p style=\"text-align: right;\"><span>Gustav Mahler<\/span><\/p>\n<\/div><\/div><\/div><\/div><\/div>\n<\/div><\/div>\n<\/div>\n<\/div>\n<\/div>\n\n<div class=\"et_pb_section_2 et_pb_section et_section_regular et_block_section\">\n<div class=\"et_pb_row_5 et_pb_row et_block_row\">\n<div class=\"et_pb_column_7 et_pb_column et_pb_column_1_2 et_block_column et_pb_css_mix_blend_mode_passthrough preset--module--divi-column--default\">\n<div class=\"et_pb_text_11 et_pb_text et_pb_bg_layout_light et_pb_module et_block_module et_pb_text_align_center-tablet preset--module--divi-text--6f457ad3-3efe-4431-a3a7-2cacf8732660\"><div class=\"et_pb_text_inner\"><h5>Adresse<\/h5>\n<\/div><\/div>\n\n<div class=\"et_pb_text_12 et_pb_text et_pb_bg_layout_light et_pb_module et_block_module et_pb_text_align_center-tablet preset--module--divi-text--e1148e9d-a294-4cfa-acf2-240af3a1ab50\"><div class=\"et_pb_text_inner\"><p>Gen\u00e8ve, Suisse<\/p>\n<\/div><\/div>\n<\/div>\n\n<div class=\"et_pb_column_8 et_pb_column et_pb_column_1_2 et-last-child et_block_column et_pb_css_mix_blend_mode_passthrough preset--module--divi-column--default\">\n<div class=\"et_pb_text_13 et_pb_text et_pb_bg_layout_light et_pb_module et_block_module et_pb_text_align_right et_pb_text_align_center-tablet preset--module--divi-text--6f457ad3-3efe-4431-a3a7-2cacf8732660\"><div class=\"et_pb_text_inner\"><h5>Email<\/h5>\n<\/div><\/div>\n\n<div class=\"et_pb_text_14 et_pb_text et_pb_bg_layout_light et_clickable et_pb_module et_block_module et_pb_text_align_right et_pb_text_align_center-tablet preset--module--divi-text--e1148e9d-a294-4cfa-acf2-240af3a1ab50\"><div class=\"et_pb_text_inner\"><p><a href=\"mailto:#\">j<\/a>s@jessicasilli.com<\/p>\n<\/div><\/div>\n<\/div>\n<\/div>\n<\/div>\n\n<div class=\"et_pb_section_3 et_pb_section et_section_regular et_block_section\">\n<div class=\"et_pb_row_6 et_pb_row et_block_row\">\n<div class=\"et_pb_column_9 et_pb_column et_pb_column_4_4 et-last-child et_block_column et_pb_css_mix_blend_mode_passthrough preset--module--divi-column--default\">\n<div class=\"et_pb_text_15 et_pb_text et_pb_bg_layout_light et_pb_module et_block_module\"><div class=\"et_pb_text_inner\"><p style=\"text-align: center;\">\u00a9 Copyright 2025 \u2013 2026 Jessica Silli Consulting.<br \/>All Rights Reserved.<\/p>\n<\/div><\/div>\n<\/div>\n<\/div>\n<\/div>","protected":false},"excerpt":{"rendered":"","protected":false},"author":1,"featured_media":0,"parent":0,"menu_order":0,"comment_status":"closed","ping_status":"closed","template":"","meta":{"footnotes":""},"class_list":["post-2183","page","type-page","status-publish","hentry"],"_links":{"self":[{"href":"https:\/\/www.jessicasilli.com\/fr\/wp-json\/wp\/v2\/pages\/2183","targetHints":{"allow":["GET"]}}],"collection":[{"href":"https:\/\/www.jessicasilli.com\/fr\/wp-json\/wp\/v2\/pages"}],"about":[{"href":"https:\/\/www.jessicasilli.com\/fr\/wp-json\/wp\/v2\/types\/page"}],"author":[{"embeddable":true,"href":"https:\/\/www.jessicasilli.com\/fr\/wp-json\/wp\/v2\/users\/1"}],"replies":[{"embeddable":true,"href":"https:\/\/www.jessicasilli.com\/fr\/wp-json\/wp\/v2\/comments?post=2183"}],"version-history":[{"count":19,"href":"https:\/\/www.jessicasilli.com\/fr\/wp-json\/wp\/v2\/pages\/2183\/revisions"}],"predecessor-version":[{"id":2411,"href":"https:\/\/www.jessicasilli.com\/fr\/wp-json\/wp\/v2\/pages\/2183\/revisions\/2411"}],"wp:attachment":[{"href":"https:\/\/www.jessicasilli.com\/fr\/wp-json\/wp\/v2\/media?parent=2183"}],"curies":[{"name":"wp","href":"https:\/\/api.w.org\/{rel}","templated":true}]}}