{"id":747,"date":"2025-08-03T10:12:31","date_gmt":"2025-08-03T10:12:31","guid":{"rendered":"https:\/\/www.jessicasilli.com\/?page_id=747"},"modified":"2026-04-15T19:02:13","modified_gmt":"2026-04-15T19:02:13","slug":"art-heritage-2","status":"publish","type":"page","link":"https:\/\/www.jessicasilli.com\/fr\/art-heritage-2\/","title":{"rendered":"ART &#038; HERITAGE"},"content":{"rendered":"<div class=\"et_pb_section_0 et_pb_section et_section_regular et_block_section\">\n<div class=\"et_pb_row_0 et_pb_row et_block_row\">\n<div class=\"et_pb_column_0 et_pb_column et_pb_column_4_4 et-last-child et_block_column et_pb_css_mix_blend_mode_passthrough preset--module--divi-column--default\">\n<div class=\"et_pb_text_0 et_pb_text et_pb_bg_layout_light et_pb_module et_block_module et_pb_text_align_center preset--module--divi-text--51673ab3-1e1c-4ebd-8a4f-7526a5e055e2\"><div class=\"et_pb_text_inner\"><h1>CONSERVATION DE L'ART ET DU PATRIMOINE<\/h1>\n<\/div><\/div>\n\n<div class=\"et_pb_image_0 et_pb_image et_pb_module et_block_module\"><span class=\"et_pb_image_wrap\"><img loading=\"lazy\" decoding=\"async\" src=\"https:\/\/www.jessicasilli.com\/wp-content\/uploads\/2025\/02\/attorney-1.png\" width=\"260\" height=\"44\" srcset=\"https:\/\/www.jessicasilli.com\/wp-content\/uploads\/2025\/02\/attorney-1.png 260w\" sizes=\"(max-width: 260px) 100vw, 260px\" class=\"wp-image-47\" title=\"attorney-1\" \/><\/span><\/div>\n\n<div class=\"et_pb_text_1 et_pb_text et_pb_bg_layout_light et_pb_module et_block_module et_pb_text_align_center preset--module--divi-text--e444eaf3-6d47-475d-b3b7-70a6eb88c5fd\"><div class=\"et_pb_text_inner\"><h4>CONSTRUIRE UNE VALEUR CULTURELLE DURABLE<\/h4>\n<\/div><\/div>\n<\/div>\n<\/div>\n<\/div>\n\n<div class=\"et_pb_section_1 et_pb_section et_section_regular et_block_section\">\n<div class=\"et_pb_row_1 et_pb_row et_block_row\">\n<div class=\"et_pb_column_1 et_pb_column et_pb_column_4_4 et-last-child et_block_column et_pb_css_mix_blend_mode_passthrough preset--module--divi-column--default\">\n<div class=\"et_pb_text_2 et_pb_text et_pb_bg_layout_light et_pb_module et_block_module preset--module--divi-text--a2ae8f50-4877-4b7c-89cb-207f7217708b\"><div class=\"et_pb_text_inner\"><p data-start=\"516\" data-end=\"672\" style=\"text-align: justify;\">J'accompagne les collectionneurs, les marques et les institutions dans la pr\u00e9servation, la structuration et la valorisation du patrimoine culturel. Chaque mission concilie int\u00e9grit\u00e9 historique et pertinence contemporaine, garantissant ainsi la p\u00e9rennit\u00e9 de la valeur culturelle et institutionnelle des projets.<\/p>\n<p data-start=\"516\" data-end=\"672\" style=\"text-align: justify;\"><strong>Expertise:\u00a0<\/strong><\/p>\n<ul>\n<li>Conseil en mati\u00e8re de collections priv\u00e9es et planification successorale<\/li>\n<li>Conseil institutionnel et aupr\u00e8s des fondations<\/li>\n<li>Gestion des mus\u00e9es et des archives<\/li>\n<li>Coordination des expositions et des commissariats d'exposition<\/li>\n<\/ul>\n<p style=\"text-align: justify;\">J'aide mes clients \u00e0 honorer le pass\u00e9 tout en fa\u00e7onnant l'avenir, en apportant clart\u00e9, attention et conviction \u00e0 chaque \u00e9tape d'un projet patrimonial.<\/p>\n<\/div><\/div>\n<\/div>\n<\/div>\n\n<div class=\"et_pb_row_2 et_pb_row et_block_row\">\n<div class=\"et_pb_column_2 et_pb_column et_pb_column_4_4 et-last-child et_block_column et_pb_css_mix_blend_mode_passthrough preset--module--divi-column--default\">\n<div class=\"et_pb_text_3 et_pb_text et_pb_bg_layout_light et_pb_module et_block_module preset--module--divi-text--8da1682f-c677-4817-a72b-6e6d24ec7b38\"><div class=\"et_pb_text_inner\"><h2><strong>EXPERTISE SPECIALISEE<\/strong><\/h2>\n<p data-start=\"1078\" data-end=\"1273\">\n<\/div><\/div>\n<\/div>\n<\/div>\n\n<div class=\"et_pb_row_3 et_pb_row et_pb_row_1-4_3-4 et_block_row et_block_row_1-4_3-4\">\n<div class=\"et_pb_column_3 et_pb_column et_pb_column_1_4 et_block_column et_pb_column_empty et_pb_css_mix_blend_mode_passthrough preset--module--divi-column--default\"><\/div>\n\n<div class=\"et_pb_column_4 et_pb_column et_pb_column_3_4 et-last-child et_block_column et_pb_css_mix_blend_mode_passthrough preset--module--divi-column--default\">\n<div class=\"et_pb_blurb_0 et_pb_blurb et_pb_bg_layout_light et_pb_blurb_position_left et_pb_module et_block_module preset--module--divi-blurb--ac255bf8-1517-4542-bb25-72ed998bd05d\"><div class=\"et_pb_blurb_content\"><div class=\"et_pb_main_blurb_image\"><span class=\"et_pb_image_wrap\"><span class=\"et-pb-icon\">N<\/span><\/span><\/div><div class=\"et_pb_blurb_container\"><h4 class=\"et_pb_module_header\">CONSEIL EN COLLECTION PRIV\u00c9E<\/h4><div class=\"et_pb_blurb_description\"><p style=\"text-align: left;\"><span>Discret <\/span><span>en mati\u00e8re d'acquisition, de pr\u00e9servation et <\/span><span>de strat\u00e9gie culturelle \u00e0 long terme pour les collections d'art priv\u00e9es.<\/span><\/p>\n<div><\/div>\n<\/div><\/div><\/div><\/div>\n\n<div class=\"et_pb_blurb_1 et_pb_blurb et_pb_bg_layout_light et_pb_blurb_position_left et_pb_module et_block_module preset--module--divi-blurb--ac255bf8-1517-4542-bb25-72ed998bd05d\"><div class=\"et_pb_blurb_content\"><div class=\"et_pb_main_blurb_image\"><span class=\"et_pb_image_wrap\"><span class=\"et-pb-icon\">N<\/span><\/span><\/div><div class=\"et_pb_blurb_container\"><h4 class=\"et_pb_module_header\">CONSEIL INSTITUTIONNEL ET FONDATION<\/h4><div class=\"et_pb_blurb_description\"><p>Soutien strat\u00e9gique aux institutions culturelles, aux fondations et aux activit\u00e9s d\u2019int\u00e9r\u00eat public \u2013 y compris la gouvernance, la collecte de fonds et la programmation.<\/p>\n<div><\/div>\n<\/div><\/div><\/div><\/div>\n\n<div class=\"et_pb_blurb_2 et_pb_blurb et_pb_bg_layout_light et_pb_blurb_position_left et_pb_module et_block_module preset--module--divi-blurb--ac255bf8-1517-4542-bb25-72ed998bd05d\"><div class=\"et_pb_blurb_content\"><div class=\"et_pb_main_blurb_image\"><span class=\"et_pb_image_wrap\"><span class=\"et-pb-icon\">N<\/span><\/span><\/div><div class=\"et_pb_blurb_container\"><h4 class=\"et_pb_module_header\">GESTION DE MUS\u00c9ES ET D'ARCHIVES<\/h4><div class=\"et_pb_blurb_description\"><p>Direction de projets de gestion du patrimoine institutionnel \u2014 y compris la planification des collections, la structuration des archives et la conservation durable des collections.<\/p>\n<div><\/div>\n<\/div><\/div><\/div><\/div>\n\n<div class=\"et_pb_blurb_3 et_pb_blurb et_pb_bg_layout_light et_pb_blurb_position_left et_pb_module et_block_module preset--module--divi-blurb--ac255bf8-1517-4542-bb25-72ed998bd05d\"><div class=\"et_pb_blurb_content\"><div class=\"et_pb_main_blurb_image\"><span class=\"et_pb_image_wrap\"><span class=\"et-pb-icon\">N<\/span><\/span><\/div><div class=\"et_pb_blurb_container\"><h4 class=\"et_pb_module_header\">STRUCTURATION DE SERVICE DU PATRIMOINE<\/h4><div class=\"et_pb_blurb_description\"><p>Aide \u00e0 la constitution ou au renforcement d'\u00e9quipes et de services patrimoniaux internes pour des entit\u00e9s priv\u00e9es ou publiques.<\/p>\n<div><\/div>\n<\/div><\/div><\/div><\/div>\n\n<div class=\"et_pb_blurb_4 et_pb_blurb et_pb_bg_layout_light et_pb_blurb_position_left et_pb_module et_block_module preset--module--divi-blurb--ac255bf8-1517-4542-bb25-72ed998bd05d\"><div class=\"et_pb_blurb_content\"><div class=\"et_pb_main_blurb_image\"><span class=\"et_pb_image_wrap\"><span class=\"et-pb-icon\">N<\/span><\/span><\/div><div class=\"et_pb_blurb_container\"><h4 class=\"et_pb_module_header\">CONSERVATION ET COORDINATION D'EXPOSITIONS<\/h4><div class=\"et_pb_blurb_description\"><p>D\u00e9veloppement et r\u00e9alisation d\u2019expositions \u2014 de l\u2019alignement curatorial et de la coordination du contenu \u00e0 la logistique, l\u2019installation et l\u2019engagement du public.<\/p>\n<div><\/div>\n<\/div><\/div><\/div><\/div>\n<\/div>\n<\/div>\n\n<div class=\"et_pb_row_4 et_pb_row et_block_row\">\n<div class=\"et_pb_column_5 et_pb_column et_pb_column_4_4 et-last-child et_block_column et_pb_css_mix_blend_mode_passthrough preset--module--divi-column--default\">\n<div class=\"et_pb_text_4 et_pb_text et_pb_bg_layout_light et_pb_module et_block_module preset--module--divi-text--8da1682f-c677-4817-a72b-6e6d24ec7b38\"><div class=\"et_pb_text_inner\"><h2><strong>services principaux<\/strong><\/h2>\n<p data-start=\"1078\" data-end=\"1273\">\n<\/div><\/div>\n<\/div>\n<\/div>\n\n<div class=\"et_pb_row_5 et_pb_row et_pb_equal_columns et_block_row\">\n<div class=\"et_pb_column_6 et_pb_column et_pb_column_1_2 et_block_column et_pb_css_mix_blend_mode_passthrough preset--module--divi-column--default\">\n<div class=\"et_pb_image_1 et_pb_image et_pb_module et_block_module\"><span class=\"et_pb_image_wrap\"><img loading=\"lazy\" decoding=\"async\" src=\"https:\/\/www.jessicasilli.com\/wp-content\/uploads\/2025\/02\/attorney-3.png\" width=\"260\" height=\"44\" srcset=\"https:\/\/www.jessicasilli.com\/wp-content\/uploads\/2025\/02\/attorney-3.png 260w\" sizes=\"(max-width: 260px) 100vw, 260px\" class=\"wp-image-50\" title=\"attorney-3\" \/><\/span><\/div>\n\n<div class=\"et_pb_text_5 et_pb_text et_pb_bg_layout_light et_pb_module et_block_module et_pb_text_align_center preset--module--divi-text--502d370a-228b-4294-9a83-c9f8072329f7\"><div class=\"et_pb_text_inner\"><h3><strong><span>Gestion des collections &amp; conservation<\/span><\/strong><\/h3>\n<div><\/div>\n<\/div><\/div>\n\n<div class=\"et_pb_text_6 et_pb_text et_pb_bg_layout_light et_pb_module et_block_module et_pb_text_align_center preset--module--divi-text--b5863148-61e5-4b19-a5d0-a44ff9f035ab\"><div class=\"et_pb_text_inner\"><div><span>Programmes sur mesure pour la sauvegarde des \u0153uvres d'art, des archives et des biens culturels, en accord avec les objectifs des conservateurs, des institutions ou des particuliers.<\/span><\/div>\n<div><\/div>\n<\/div><\/div>\n<\/div>\n\n<div class=\"et_pb_column_7 et_pb_column et_pb_column_1_2 et-last-child et_block_column et_pb_css_mix_blend_mode_passthrough preset--module--divi-column--default\">\n<div class=\"et_pb_image_2 et_pb_image et_pb_module et_block_module\"><span class=\"et_pb_image_wrap\"><img loading=\"lazy\" decoding=\"async\" src=\"https:\/\/www.jessicasilli.com\/wp-content\/uploads\/2025\/02\/attorney-3.png\" width=\"260\" height=\"44\" srcset=\"https:\/\/www.jessicasilli.com\/wp-content\/uploads\/2025\/02\/attorney-3.png 260w\" sizes=\"(max-width: 260px) 100vw, 260px\" class=\"wp-image-50\" title=\"attorney-3\" \/><\/span><\/div>\n\n<div class=\"et_pb_text_7 et_pb_text et_pb_bg_layout_light et_pb_module et_block_module et_pb_text_align_center preset--module--divi-text--502d370a-228b-4294-9a83-c9f8072329f7\"><div class=\"et_pb_text_inner\"><h3><span style=\"color: #ffffff;\"><strong>COMMISSARIAT &amp; D\u00c9VELOPPEMENT D'EXPOSITIONS<\/strong><\/span><\/h3>\n<div><\/div>\n<\/div><\/div>\n\n<div class=\"et_pb_text_8 et_pb_text et_pb_bg_layout_light et_pb_module et_block_module et_pb_text_align_center preset--module--divi-text--b5863148-61e5-4b19-a5d0-a44ff9f035ab\"><div class=\"et_pb_text_inner\"><div>Accompagnement complet pour vos expositions temporaires ou permanentes, de la cr\u00e9ation du concept et de la strat\u00e9gie de contenu \u00e0 la r\u00e9alisation et \u00e0 l'engagement du public.<\/div>\n<div><\/div>\n<\/div><\/div>\n<\/div>\n<\/div>\n\n<div class=\"et_pb_row_6 et_pb_row et_pb_equal_columns et_block_row\">\n<div class=\"et_pb_column_8 et_pb_column et_pb_column_1_2 et_block_column et_pb_css_mix_blend_mode_passthrough preset--module--divi-column--default\">\n<div class=\"et_pb_image_3 et_pb_image et_pb_module et_block_module\"><span class=\"et_pb_image_wrap\"><img loading=\"lazy\" decoding=\"async\" src=\"https:\/\/www.jessicasilli.com\/wp-content\/uploads\/2025\/02\/attorney-3.png\" width=\"260\" height=\"44\" srcset=\"https:\/\/www.jessicasilli.com\/wp-content\/uploads\/2025\/02\/attorney-3.png 260w\" sizes=\"(max-width: 260px) 100vw, 260px\" class=\"wp-image-50\" title=\"attorney-3\" \/><\/span><\/div>\n\n<div class=\"et_pb_text_9 et_pb_text et_pb_bg_layout_light et_pb_module et_block_module et_pb_text_align_center preset--module--divi-text--502d370a-228b-4294-9a83-c9f8072329f7\"><div class=\"et_pb_text_inner\"><h3><strong><span>MARKETING &amp; COMMUNICATION<\/span><\/strong><\/h3>\n<\/div><\/div>\n\n<div class=\"et_pb_text_10 et_pb_text et_pb_bg_layout_light et_pb_module et_block_module et_pb_text_align_center preset--module--divi-text--b5863148-61e5-4b19-a5d0-a44ff9f035ab\"><div class=\"et_pb_text_inner\"><div>\n<p><span>Campagnes qui g\u00e9n\u00e8rent visibilit\u00e9 et impact \u2014 incluant strat\u00e9gie narrative, sensibilisation du public et positionnement culturel.<o:p><\/o:p><\/span><\/p>\n<\/div>\n<\/div><\/div>\n<\/div>\n\n<div class=\"et_pb_column_9 et_pb_column et_pb_column_1_2 et-last-child et_block_column et_pb_css_mix_blend_mode_passthrough preset--module--divi-column--default\">\n<div class=\"et_pb_image_4 et_pb_image et_pb_module et_block_module\"><span class=\"et_pb_image_wrap\"><img loading=\"lazy\" decoding=\"async\" src=\"https:\/\/www.jessicasilli.com\/wp-content\/uploads\/2025\/02\/attorney-3.png\" width=\"260\" height=\"44\" srcset=\"https:\/\/www.jessicasilli.com\/wp-content\/uploads\/2025\/02\/attorney-3.png 260w\" sizes=\"(max-width: 260px) 100vw, 260px\" class=\"wp-image-50\" title=\"attorney-3\" \/><\/span><\/div>\n\n<div class=\"et_pb_text_11 et_pb_text et_pb_bg_layout_light et_pb_module et_block_module et_pb_text_align_center preset--module--divi-text--502d370a-228b-4294-9a83-c9f8072329f7\"><div class=\"et_pb_text_inner\"><h3><span style=\"color: #ffffff;\"><strong>CONSEIL EN COLLECTE DE FONDS &amp; PHILANTHROPIE<\/strong><\/span><\/h3>\n<\/div><\/div>\n\n<div class=\"et_pb_text_12 et_pb_text et_pb_bg_layout_light et_pb_module et_block_module et_pb_text_align_center preset--module--divi-text--b5863148-61e5-4b19-a5d0-a44ff9f035ab\"><div class=\"et_pb_text_inner\"><p>Expertise en structuration de fonds culturels priv\u00e9s, gestion de dotations et conseil en m\u00e9c\u00e9nat et dons d'int\u00e9r\u00eat public.<\/p>\n<\/div><\/div>\n<\/div>\n<\/div>\n\n<div class=\"et_pb_row_7 et_pb_row et_pb_equal_columns et_block_row\">\n<div class=\"et_pb_column_10 et_pb_column et_pb_column_1_2 et_block_column et_pb_css_mix_blend_mode_passthrough preset--module--divi-column--default\">\n<div class=\"et_pb_image_5 et_pb_image et_pb_module et_block_module\"><span class=\"et_pb_image_wrap\"><img loading=\"lazy\" decoding=\"async\" src=\"https:\/\/www.jessicasilli.com\/wp-content\/uploads\/2025\/02\/attorney-3.png\" width=\"260\" height=\"44\" srcset=\"https:\/\/www.jessicasilli.com\/wp-content\/uploads\/2025\/02\/attorney-3.png 260w\" sizes=\"(max-width: 260px) 100vw, 260px\" class=\"wp-image-50\" title=\"attorney-3\" \/><\/span><\/div>\n\n<div class=\"et_pb_text_13 et_pb_text et_pb_bg_layout_light et_pb_module et_block_module et_pb_text_align_center preset--module--divi-text--502d370a-228b-4294-9a83-c9f8072329f7\"><div class=\"et_pb_text_inner\"><h3><strong><span>CONSEIL EN PATRIMOINE DE MARQUE &amp; INSTITUTIONNEL<\/span><\/strong><\/h3>\n<div><\/div>\n<\/div><\/div>\n\n<div class=\"et_pb_text_14 et_pb_text et_pb_bg_layout_light et_pb_module et_block_module et_pb_text_align_center preset--module--divi-text--b5863148-61e5-4b19-a5d0-a44ff9f035ab\"><div class=\"et_pb_text_inner\"><div><span>Pr\u00e9servation et activation strat\u00e9giques des archives de marque, du patrimoine de la maison et des collections mus\u00e9ales, y compris les cadres patrimoniaux \u00e0 long terme.<\/span><\/div>\n<\/div><\/div>\n<\/div>\n\n<div class=\"et_pb_column_11 et_pb_column et_pb_column_1_2 et-last-child et_block_column et_pb_css_mix_blend_mode_passthrough preset--module--divi-column--default\">\n<div class=\"et_pb_image_6 et_pb_image et_pb_module et_block_module\"><span class=\"et_pb_image_wrap\"><img loading=\"lazy\" decoding=\"async\" src=\"https:\/\/www.jessicasilli.com\/wp-content\/uploads\/2025\/02\/attorney-3.png\" width=\"260\" height=\"44\" srcset=\"https:\/\/www.jessicasilli.com\/wp-content\/uploads\/2025\/02\/attorney-3.png 260w\" sizes=\"(max-width: 260px) 100vw, 260px\" class=\"wp-image-50\" title=\"attorney-3\" \/><\/span><\/div>\n\n<div class=\"et_pb_text_15 et_pb_text et_pb_bg_layout_light et_pb_module et_block_module et_pb_text_align_center preset--module--divi-text--502d370a-228b-4294-9a83-c9f8072329f7\"><div class=\"et_pb_text_inner\"><h3><strong><span>PROGRAMMATION &amp; ACTIVIT\u00c9 CULTURELLES<\/span><\/strong><\/h3>\n<\/div><\/div>\n\n<div class=\"et_pb_text_16 et_pb_text et_pb_bg_layout_light et_pb_module et_block_module et_pb_text_align_center preset--module--divi-text--b5863148-61e5-4b19-a5d0-a44ff9f035ab\"><div class=\"et_pb_text_inner\"><div><span>D\u00e9veloppement d'initiatives publiques et d'\u00e9v\u00e9nements culturels pour mobiliser les communaut\u00e9s et valoriser la narration du patrimoine.<\/span><\/div>\n<div><\/div>\n<\/div><\/div>\n<\/div>\n<\/div>\n\n<div class=\"et_pb_row_8 et_pb_row et_block_row\">\n<div class=\"et_pb_column_12 et_pb_column et_pb_column_4_4 et-last-child et_block_column et_pb_css_mix_blend_mode_passthrough preset--module--divi-column--default\">\n<div class=\"et_pb_slider_0 et_pb_slider et_pb_slider_fullwidth_off et_pb_slider_no_arrows et_pb_slider_no_pagination et_slider_auto et_slider_speed_8000 et_pb_module et_block_module\"><div class=\"et_pb_slides\">\n<div class=\"et_pb_slide_0 et_pb_slide et_pb_media_alignment_center et_pb_bg_layout_dark et_pb_text_align_center\" data-slide-id=\"divi\/slide-0\"><div class=\"et_pb_container\"><div class=\"et_pb_slider_container_inner\"><div class=\"et_pb_slide_description\"><div class=\"et_pb_slide_content\"><p style=\"text-align: center;\">\"Art is not luxury, it is a necessity.\"<\/p>\n<\/div><\/div><\/div><\/div><\/div>\n\n<div class=\"et_pb_slide_1 et_pb_slide et_pb_media_alignment_center et_pb_bg_layout_dark et_pb_text_align_center\" data-slide-id=\"divi\/slide-1\"><div class=\"et_pb_container\"><div class=\"et_pb_slider_container_inner\"><div class=\"et_pb_slide_description\"><div class=\"et_pb_slide_content\"><p style=\"text-align: center;\">\"Culture is not inherited; it is earned.\"<\/p>\n<p style=\"text-align: right;\">\u00a0 \u00a0 \u00a0 \u00a0 \u00a0 \u00a0 \u00a0 \u00a0 \u00a0 \u00a0 \u00a0 \u00a0 \u00a0 \u00a0 \u00a0 \u00a0 \u00a0 \u00a0 \u00a0 \u00a0 \u00a0 \u00a0 \u00a0 \u00a0 \u00a0 \u00a0 \u00a0 \u00a0 \u00a0 Andre Malraux<\/p>\n<\/div><\/div><\/div><\/div><\/div>\n\n<div class=\"et_pb_slide_2 et_pb_slide et_pb_media_alignment_center et_pb_bg_layout_dark et_pb_text_align_center\" data-slide-id=\"divi\/slide-2\"><div class=\"et_pb_container\"><div class=\"et_pb_slider_container_inner\"><div class=\"et_pb_slide_description\"><div class=\"et_pb_slide_content\"><p style=\"text-align: center;\">\"Art washes away from the soul the dust of everyday life.\"<\/p>\n<p style=\"text-align: right;\">Pablo Picasso<\/p>\n<\/div><\/div><\/div><\/div><\/div>\n<\/div><\/div>\n<\/div>\n<\/div>\n<\/div>\n\n<div class=\"et_pb_section_2 et_pb_section et_section_regular et_block_section\">\n<div class=\"et_pb_row_9 et_pb_row et_block_row\">\n<div class=\"et_pb_column_13 et_pb_column et_pb_column_1_2 et_block_column et_pb_css_mix_blend_mode_passthrough preset--module--divi-column--default\">\n<div class=\"et_pb_text_17 et_pb_text et_pb_bg_layout_light et_pb_module et_block_module et_pb_text_align_center-tablet preset--module--divi-text--6f457ad3-3efe-4431-a3a7-2cacf8732660\"><div class=\"et_pb_text_inner\"><h5>Adresse<\/h5>\n<\/div><\/div>\n\n<div class=\"et_pb_text_18 et_pb_text et_pb_bg_layout_light et_pb_module et_block_module et_pb_text_align_center-tablet preset--module--divi-text--e1148e9d-a294-4cfa-acf2-240af3a1ab50\"><div class=\"et_pb_text_inner\"><p>Gen\u00e8ve, Suisse<\/p>\n<\/div><\/div>\n<\/div>\n\n<div class=\"et_pb_column_14 et_pb_column et_pb_column_1_2 et-last-child et_block_column et_pb_css_mix_blend_mode_passthrough preset--module--divi-column--default\">\n<div class=\"et_pb_text_19 et_pb_text et_pb_bg_layout_light et_pb_module et_block_module et_pb_text_align_right et_pb_text_align_center-tablet preset--module--divi-text--6f457ad3-3efe-4431-a3a7-2cacf8732660\"><div class=\"et_pb_text_inner\"><h5>Email<\/h5>\n<\/div><\/div>\n\n<div class=\"et_pb_text_20 et_pb_text et_pb_bg_layout_light et_clickable et_pb_module et_block_module et_pb_text_align_right et_pb_text_align_center-tablet preset--module--divi-text--e1148e9d-a294-4cfa-acf2-240af3a1ab50\"><div class=\"et_pb_text_inner\"><p><a href=\"mailto:#\">j<\/a>s@jessicasilli.com<\/p>\n<\/div><\/div>\n<\/div>\n<\/div>\n<\/div>\n\n<div class=\"et_pb_section_3 et_pb_section et_section_regular et_block_section\">\n<div class=\"et_pb_row_10 et_pb_row et_block_row\">\n<div class=\"et_pb_column_15 et_pb_column et_pb_column_4_4 et-last-child et_block_column et_pb_css_mix_blend_mode_passthrough preset--module--divi-column--default\">\n<div class=\"et_pb_text_21 et_pb_text et_pb_bg_layout_light et_pb_module et_block_module\"><div class=\"et_pb_text_inner\"><p style=\"text-align: center;\">\u00a9 Copyright 2025 \u2013 2026 Jessica Silli Consulting.<br \/>All Rights Reserved.<\/p>\n<\/div><\/div>\n<\/div>\n<\/div>\n<\/div>","protected":false},"excerpt":{"rendered":"","protected":false},"author":1,"featured_media":0,"parent":0,"menu_order":0,"comment_status":"closed","ping_status":"closed","template":"","meta":{"footnotes":""},"class_list":["post-747","page","type-page","status-publish","hentry"],"_links":{"self":[{"href":"https:\/\/www.jessicasilli.com\/fr\/wp-json\/wp\/v2\/pages\/747","targetHints":{"allow":["GET"]}}],"collection":[{"href":"https:\/\/www.jessicasilli.com\/fr\/wp-json\/wp\/v2\/pages"}],"about":[{"href":"https:\/\/www.jessicasilli.com\/fr\/wp-json\/wp\/v2\/types\/page"}],"author":[{"embeddable":true,"href":"https:\/\/www.jessicasilli.com\/fr\/wp-json\/wp\/v2\/users\/1"}],"replies":[{"embeddable":true,"href":"https:\/\/www.jessicasilli.com\/fr\/wp-json\/wp\/v2\/comments?post=747"}],"version-history":[{"count":69,"href":"https:\/\/www.jessicasilli.com\/fr\/wp-json\/wp\/v2\/pages\/747\/revisions"}],"predecessor-version":[{"id":2405,"href":"https:\/\/www.jessicasilli.com\/fr\/wp-json\/wp\/v2\/pages\/747\/revisions\/2405"}],"wp:attachment":[{"href":"https:\/\/www.jessicasilli.com\/fr\/wp-json\/wp\/v2\/media?parent=747"}],"curies":[{"name":"wp","href":"https:\/\/api.w.org\/{rel}","templated":true}]}}